{"id":1217,"date":"2020-08-28T14:05:24","date_gmt":"2020-08-28T12:05:24","guid":{"rendered":"http:\/\/server10.servermdz.pro\/chu\/?page_id=1217"},"modified":"2024-04-29T16:21:16","modified_gmt":"2024-04-29T14:21:16","slug":"act-en-chiffres","status":"publish","type":"page","link":"https:\/\/chuibnrochd.ma\/?page_id=1217","title":{"rendered":"Activit\u00e9s en chiffres"},"content":{"rendered":"<div id=\"TheTexte\" class=\"Texte\" lang=\"zxx\">\n<p>&nbsp;<\/p>\n<p>En phase avec\u00a0 les \u00e9volutions sociales et d\u00e9mographiques que connait la R\u00e9gion Casablanca-Settat, ainsi que les tendances actuelles de la soci\u00e9t\u00e9, le Centre Hospitalier\u00a0 Universitaire Ibn Rochd s\u2019engage \u00e0 contribuer \u00e0 la r\u00e9alisation de plusieurs avanc\u00e9es, visant \u00e0 mener \u00e0 bien ces mutations profondes, dans le sens du renforcement d\u2019une offre de soins adapt\u00e9e aux besoins de la population. Cette dynamique se confirme d\u2019ann\u00e9e en ann\u00e9e par la progression des indicateurs de production hospitaliers du CHUIR\u00a0durant son dernier Projet d\u2019Etablissement Hospitalier\u00a0 2014 &#8211; 2018\u00a0:<\/p>\n<p>42% pour les admissions, 10% pour les consultations, 37% pour l\u2019activit\u00e9 des laboratoires&#8230;<\/p>\n<\/div>\n","protected":false},"excerpt":{"rendered":"<p>&nbsp; En phase avec\u00a0 les \u00e9volutions sociales et d\u00e9mographiques que connait la R\u00e9gion Casablanca-Settat, ainsi que les tendances actuelles de la soci\u00e9t\u00e9, le Centre Hospitalier\u00a0 Universitaire Ibn Rochd s\u2019engage \u00e0 contribuer \u00e0 la r\u00e9alisation de plusieurs avanc\u00e9es, visant \u00e0 mener \u00e0 bien ces mutations profondes, dans le sens du renforcement d\u2019une offre de soins adapt\u00e9e [&hellip;]<\/p>\n","protected":false},"author":1,"featured_media":1194,"parent":0,"menu_order":0,"comment_status":"closed","ping_status":"closed","template":"activiteschiffres.php","meta":{"footnotes":""},"class_list":["post-1217","page","type-page","status-publish","has-post-thumbnail","hentry"],"new_scheduled_revision":"","save_as_revision":"","_links":{"self":[{"href":"https:\/\/chuibnrochd.ma\/index.php?rest_route=\/wp\/v2\/pages\/1217","targetHints":{"allow":["GET"]}}],"collection":[{"href":"https:\/\/chuibnrochd.ma\/index.php?rest_route=\/wp\/v2\/pages"}],"about":[{"href":"https:\/\/chuibnrochd.ma\/index.php?rest_route=\/wp\/v2\/types\/page"}],"author":[{"embeddable":true,"href":"https:\/\/chuibnrochd.ma\/index.php?rest_route=\/wp\/v2\/users\/1"}],"replies":[{"embeddable":true,"href":"https:\/\/chuibnrochd.ma\/index.php?rest_route=%2Fwp%2Fv2%2Fcomments&post=1217"}],"version-history":[{"count":21,"href":"https:\/\/chuibnrochd.ma\/index.php?rest_route=\/wp\/v2\/pages\/1217\/revisions"}],"predecessor-version":[{"id":3329,"href":"https:\/\/chuibnrochd.ma\/index.php?rest_route=\/wp\/v2\/pages\/1217\/revisions\/3329"}],"wp:featuredmedia":[{"embeddable":true,"href":"https:\/\/chuibnrochd.ma\/index.php?rest_route=\/wp\/v2\/media\/1194"}],"wp:attachment":[{"href":"https:\/\/chuibnrochd.ma\/index.php?rest_route=%2Fwp%2Fv2%2Fmedia&parent=1217"}],"curies":[{"name":"wp","href":"https:\/\/api.w.org\/{rel}","templated":true}]}}