{"id":1245,"date":"2020-09-02T15:40:52","date_gmt":"2020-09-02T13:40:52","guid":{"rendered":"http:\/\/server10.servermdz.pro\/chu\/?page_id=1245"},"modified":"2021-09-10T10:18:38","modified_gmt":"2021-09-10T08:18:38","slug":"presentation-du-chuir","status":"publish","type":"page","link":"https:\/\/chuibnrochd.ma\/?page_id=1245","title":{"rendered":"Pr\u00e9sentation du CHUIR"},"content":{"rendered":"<p>Acteur de r\u00e9f\u00e9rence dans l\u2019offre de soins de la R\u00e9gion Casablanca-Settat, le Centre Hospitalier Universitaire Ibn Rochd (CHUIR) dispose d\u2019une capacit\u00e9 liti\u00e8re de 1685 lits. Il regroupe trois h\u00f4pitaux, dont l\u2019un repr\u00e9sente le plus grand h\u00f4pital du Royaume, la Direction g\u00e9n\u00e9rale et un Centre Dentaire\u00a0:<\/p>\n<p>&nbsp;<\/p>\n<ul style=\"list-style-type: disc;\">\n<li>\u00a0La Direction G\u00e9n\u00e9rale;<\/li>\n<li>\u00a0L\u2019H\u00f4pital Ibn Rochd (1020 lits), le plus grand H\u00f4pital du Maroc;<\/li>\n<li>\u00a0L\u2019H\u00f4pital M\u00e8re-Enfant Abderrahim Harouchi (374 lits);<\/li>\n<li>\u00a0L\u2019H\u00f4pital 20 Ao\u00fbt 1953 (291 lits);<\/li>\n<li>Le Centre de Consultations et de Traitements Dentaires (106 fauteuils dentaires).<\/li>\n<\/ul>\n<p>&nbsp;<\/p>\n<p>Le CHUIR s\u2019\u00e9tablit sur une superficie d\u2019environ 45 hectares, en plein c\u0153ur de l\u2019agglom\u00e9ration de Casablanca. Ses capacit\u00e9s fonci\u00e8res lui ont permis d\u2019adapter l\u2019architecture et l\u2019organisation de ses services dans une configuration pavillonnaire, s\u00e9par\u00e9s d\u2019espaces verts tr\u00e8s \u00e9tendus. Son emplacement au centre de la ville est un atout incontestable, vu la proximit\u00e9 des facult\u00e9s de m\u00e9decine et d\u2019autres organismes de sant\u00e9 et vu la desserte de la zone de diff\u00e9rents moyens de transport.<\/p>\n<p>&nbsp;<\/p>\n<p>Fort de 3888 professionnels, le CHUIR assure au quotidien sa mission de soins de recours, gr\u00e2ce \u00e0 l\u2019expertise m\u00e9dicale pluridisciplinaire de qualit\u00e9 de ses professionnels et gr\u00e2ce aux infrastructures et aux plateaux techniques de haut niveau de ses h\u00f4pitaux. Ces moyens humains et mat\u00e9riels sont mis au service des patients de toute la R\u00e9gion Casablanca-Settat et des villes (Beni-Mellal, Azilal Khouribga\u2026), relevant de sa zone de desserte dans le cadre du R\u00e9gime d\u2019Assistance M\u00e9dicale (RAMED).<\/p>\n<p>&nbsp;<\/p>\n<p>Le CHUIR est reconnu \u00e0 l\u2019\u00e9chelle nationale et continentale par ses p\u00f4les d\u2019excellence, et ses centres de r\u00e9f\u00e9rence pour la prise en charge de certaines pathologies lourdes et complexes, telles l\u2019h\u00e9matologie et l\u2019oncologie, la chirurgie cardio-vasculaire, la neurochirurgie, la br\u00fblologie et la chirurgie plastique, la chirurgie maxillo-faciale, la chirurgie thoracique\u2026<\/p>\n<p>&nbsp;<\/p>\n<p>Le CHUIR assure aussi des soins de niveau tertiaire dans le cadre de la coop\u00e9ration sud-sud. Ainsi des conventions de partenariats on \u00e9t\u00e9 sign\u00e9es entre le gouvernement marocain et les gouvernements des pays africains comme le Mali, la Mauritanie, le Congo, le Niger, le Gabon\u2026<\/p>\n<p>De m\u00eame, le CHUIR assure les missions de formation, de recherche, d\u2019expertise et d\u2019innovation et de concours aux objectifs de l\u2019Etat en mati\u00e8re de sant\u00e9 publique.<\/p>\n<p>Chaque ann\u00e9e, le CHUIR accueille autour de 1\u00a0030\u00a0000 patients, et r\u00e9alise 594 435 consultations, 158 394 admissions (dont 55% en ambulatoire), 11 328 admissions aux urgences, 34\u00a0170 interventions chirurgicales, 1\u00a0937\u00a0853 tests de laboratoires, 212\u00a0129 examens de radiologie, 58\u00a0651 actes dentaires et 7000 accouchements.<\/p>\n<p>&nbsp;<\/p>\n<p>En tant qu\u2019\u00e9tablissement public de sant\u00e9 sous la double tutelle du Minist\u00e8re de la Sant\u00e9 et du Minist\u00e8re de l\u2019Economie et des Finances et de la R\u00e9forme de l\u2019Administration, le CHUIR est dot\u00e9 de l\u2019autonomie financi\u00e8re. Il est g\u00e9r\u00e9 par un Directeur, administr\u00e9 par un Conseil d\u2019Administration et soumis aux instances de contr\u00f4le de l\u2019Etat.<\/p>\n","protected":false},"excerpt":{"rendered":"<p>Acteur de r\u00e9f\u00e9rence dans l\u2019offre de soins de la R\u00e9gion Casablanca-Settat, le Centre Hospitalier Universitaire Ibn Rochd (CHUIR) dispose d\u2019une capacit\u00e9 liti\u00e8re de 1685 lits. Il regroupe trois h\u00f4pitaux, dont l\u2019un repr\u00e9sente le plus grand h\u00f4pital du Royaume, la Direction g\u00e9n\u00e9rale et un Centre Dentaire\u00a0: &nbsp; \u00a0La Direction G\u00e9n\u00e9rale; \u00a0L\u2019H\u00f4pital Ibn Rochd (1020 lits), le [&hellip;]<\/p>\n","protected":false},"author":1,"featured_media":1286,"parent":0,"menu_order":0,"comment_status":"closed","ping_status":"closed","template":"standard-presentation.php","meta":{"footnotes":""},"class_list":["post-1245","page","type-page","status-publish","has-post-thumbnail","hentry"],"new_scheduled_revision":"","save_as_revision":"","_links":{"self":[{"href":"https:\/\/chuibnrochd.ma\/index.php?rest_route=\/wp\/v2\/pages\/1245","targetHints":{"allow":["GET"]}}],"collection":[{"href":"https:\/\/chuibnrochd.ma\/index.php?rest_route=\/wp\/v2\/pages"}],"about":[{"href":"https:\/\/chuibnrochd.ma\/index.php?rest_route=\/wp\/v2\/types\/page"}],"author":[{"embeddable":true,"href":"https:\/\/chuibnrochd.ma\/index.php?rest_route=\/wp\/v2\/users\/1"}],"replies":[{"embeddable":true,"href":"https:\/\/chuibnrochd.ma\/index.php?rest_route=%2Fwp%2Fv2%2Fcomments&post=1245"}],"version-history":[{"count":23,"href":"https:\/\/chuibnrochd.ma\/index.php?rest_route=\/wp\/v2\/pages\/1245\/revisions"}],"predecessor-version":[{"id":2545,"href":"https:\/\/chuibnrochd.ma\/index.php?rest_route=\/wp\/v2\/pages\/1245\/revisions\/2545"}],"wp:featuredmedia":[{"embeddable":true,"href":"https:\/\/chuibnrochd.ma\/index.php?rest_route=\/wp\/v2\/media\/1286"}],"wp:attachment":[{"href":"https:\/\/chuibnrochd.ma\/index.php?rest_route=%2Fwp%2Fv2%2Fmedia&parent=1245"}],"curies":[{"name":"wp","href":"https:\/\/api.w.org\/{rel}","templated":true}]}}