{"id":128,"date":"2019-07-23T11:25:06","date_gmt":"2019-07-23T09:25:06","guid":{"rendered":"http:\/\/server10.servermdz.pro\/chu\/?page_id=128"},"modified":"2021-09-09T16:48:00","modified_gmt":"2021-09-09T14:48:00","slug":"partenaires","status":"publish","type":"page","link":"https:\/\/chuibnrochd.ma\/?page_id=128","title":{"rendered":"Coop\u00e9ration et Partenariat"},"content":{"rendered":"<p>Conscient de l\u2019importance des partenariats dans\u00a0 le d\u00e9veloppement des prestations m\u00e9dicales, la promotion du savoir-faire m\u00e9dical et hospitalier, le Centre Hospitalier Universitaire Ibn Rochd (CHUIR) ne cesse de redoubler d\u2019efforts pour renforcer ses liens de coop\u00e9ration avec ses partenaires aussi bien nationaux qu\u2019internationaux , conform\u00e9ment aux orientations et objectifs strat\u00e9giques trac\u00e9s dans son PEH 2019-2023. En effet, les partenariats d\u00e9velopp\u00e9s par le CHUIR portent avant tout sur toutes ses missions de soins, de formation, de recherche scientifique, d\u2019expertise et d\u2019innovation. L\u2019engagement depuis plusieurs ann\u00e9es dans ce\u00a0 processus dynamique de partenariat favorise au CHUIR l\u2019excellence de soins, l\u2019innovation et le d\u00e9veloppement au b\u00e9n\u00e9fi\u00adce de ses patients, ce qui lui permet de se positionner comme un acteur de r\u00e9f\u00e9rence dans l\u2019offre de soins \u00e0 l\u2019\u00e9chelle nationale et continentale. Par ailleurs, cette dynamique se consolide par l\u2019organisation de nombreuses rencontres, visites et \u00e9changes entre le CHUIR et ses partenaires, permettant une mise au point sur les perspectives de coop\u00e9ration dans diff\u00e9rents domaines de la sant\u00e9.<\/p>\n","protected":false},"excerpt":{"rendered":"<p>Conscient de l\u2019importance des partenariats dans\u00a0 le d\u00e9veloppement des prestations m\u00e9dicales, la promotion du savoir-faire m\u00e9dical et hospitalier, le Centre Hospitalier Universitaire Ibn Rochd (CHUIR) ne cesse de redoubler d\u2019efforts pour renforcer ses liens de coop\u00e9ration avec ses partenaires aussi bien nationaux qu\u2019internationaux , conform\u00e9ment aux orientations et objectifs strat\u00e9giques trac\u00e9s dans son PEH 2019-2023. [&hellip;]<\/p>\n","protected":false},"author":1,"featured_media":0,"parent":0,"menu_order":0,"comment_status":"closed","ping_status":"closed","template":"partenaires.php","meta":{"footnotes":""},"class_list":["post-128","page","type-page","status-publish","hentry"],"new_scheduled_revision":"","save_as_revision":"","_links":{"self":[{"href":"https:\/\/chuibnrochd.ma\/index.php?rest_route=\/wp\/v2\/pages\/128","targetHints":{"allow":["GET"]}}],"collection":[{"href":"https:\/\/chuibnrochd.ma\/index.php?rest_route=\/wp\/v2\/pages"}],"about":[{"href":"https:\/\/chuibnrochd.ma\/index.php?rest_route=\/wp\/v2\/types\/page"}],"author":[{"embeddable":true,"href":"https:\/\/chuibnrochd.ma\/index.php?rest_route=\/wp\/v2\/users\/1"}],"replies":[{"embeddable":true,"href":"https:\/\/chuibnrochd.ma\/index.php?rest_route=%2Fwp%2Fv2%2Fcomments&post=128"}],"version-history":[{"count":16,"href":"https:\/\/chuibnrochd.ma\/index.php?rest_route=\/wp\/v2\/pages\/128\/revisions"}],"predecessor-version":[{"id":2544,"href":"https:\/\/chuibnrochd.ma\/index.php?rest_route=\/wp\/v2\/pages\/128\/revisions\/2544"}],"wp:attachment":[{"href":"https:\/\/chuibnrochd.ma\/index.php?rest_route=%2Fwp%2Fv2%2Fmedia&parent=128"}],"curies":[{"name":"wp","href":"https:\/\/api.w.org\/{rel}","templated":true}]}}