{"id":1387,"date":"2020-09-21T13:02:04","date_gmt":"2020-09-21T11:02:04","guid":{"rendered":"http:\/\/server10.servermdz.pro\/chu\/?page_id=1387"},"modified":"2020-12-15T11:35:46","modified_gmt":"2020-12-15T10:35:46","slug":"conventions-internationales","status":"publish","type":"page","link":"https:\/\/chuibnrochd.ma\/?page_id=1387","title":{"rendered":"Cooperation Internationale"},"content":{"rendered":"<p>Le Centre Hospitalier Universitaire Ibn Rochd (CHUIR) n\u2019a cess\u00e9 de redoubler d\u2019efforts pour renforcer ses liens de coop\u00e9ration avec ses partenaires \u00e9trangers, et ce, conform\u00e9ment aux orientations et objectifs strat\u00e9giques trac\u00e9s dans son PEH 2019-2023. En effet, le partenariat d\u00e9velopp\u00e9 par le CHUIR porte avant tout sur toutes ses missions de formation, de recherche scientifique, d\u2019expertise et d\u2019innovation. L\u2019ouverture du CHUIR sur d\u2019autres exp\u00e9riences internationales lui permet de diversifier l\u2019expertise de ses \u00e9quipes m\u00e9dicale, param\u00e9dicale, technique\u2026<\/p>\n<p>Conscient de l\u2019importance de l\u2019\u00e9change dans le domaine de la m\u00e9decine et du r\u00f4le important que jouent les partenariats dans le l\u2019am\u00e9lioration des protocoles de soins, de formation et de recherche, le CHU Ibn Rochd s\u2019est engag\u00e9 dans une d\u00e9marche internationale de coop\u00e9ration avec plusieurs institutions, \u00e9tablissements et organismes qui op\u00e8rent dans le domaine de la sant\u00e9.\u00a0<\/p>\n<p>Le CHUIR est toujours en qu\u00eate des coop\u00e9rations d\u2019excellence, afin d\u2019offrir les meilleurs soins aux patients et de construire la m\u00e9decine de demain.<\/p>\n","protected":false},"excerpt":{"rendered":"<p>Le Centre Hospitalier Universitaire Ibn Rochd (CHUIR) n\u2019a cess\u00e9 de redoubler d\u2019efforts pour renforcer ses liens de coop\u00e9ration avec ses partenaires \u00e9trangers, et ce, conform\u00e9ment aux orientations et objectifs strat\u00e9giques trac\u00e9s dans son PEH 2019-2023. En effet, le partenariat d\u00e9velopp\u00e9 par le CHUIR porte avant tout sur toutes ses missions de formation, de recherche scientifique, [&hellip;]<\/p>\n","protected":false},"author":1,"featured_media":1365,"parent":0,"menu_order":0,"comment_status":"closed","ping_status":"closed","template":"standard-presentation.php","meta":{"footnotes":""},"class_list":["post-1387","page","type-page","status-publish","has-post-thumbnail","hentry"],"new_scheduled_revision":"","save_as_revision":"","_links":{"self":[{"href":"https:\/\/chuibnrochd.ma\/index.php?rest_route=\/wp\/v2\/pages\/1387","targetHints":{"allow":["GET"]}}],"collection":[{"href":"https:\/\/chuibnrochd.ma\/index.php?rest_route=\/wp\/v2\/pages"}],"about":[{"href":"https:\/\/chuibnrochd.ma\/index.php?rest_route=\/wp\/v2\/types\/page"}],"author":[{"embeddable":true,"href":"https:\/\/chuibnrochd.ma\/index.php?rest_route=\/wp\/v2\/users\/1"}],"replies":[{"embeddable":true,"href":"https:\/\/chuibnrochd.ma\/index.php?rest_route=%2Fwp%2Fv2%2Fcomments&post=1387"}],"version-history":[{"count":16,"href":"https:\/\/chuibnrochd.ma\/index.php?rest_route=\/wp\/v2\/pages\/1387\/revisions"}],"predecessor-version":[{"id":2066,"href":"https:\/\/chuibnrochd.ma\/index.php?rest_route=\/wp\/v2\/pages\/1387\/revisions\/2066"}],"wp:featuredmedia":[{"embeddable":true,"href":"https:\/\/chuibnrochd.ma\/index.php?rest_route=\/wp\/v2\/media\/1365"}],"wp:attachment":[{"href":"https:\/\/chuibnrochd.ma\/index.php?rest_route=%2Fwp%2Fv2%2Fmedia&parent=1387"}],"curies":[{"name":"wp","href":"https:\/\/api.w.org\/{rel}","templated":true}]}}