{"id":1390,"date":"2020-09-21T13:04:25","date_gmt":"2020-09-21T11:04:25","guid":{"rendered":"http:\/\/server10.servermdz.pro\/chu\/?page_id=1390"},"modified":"2020-12-15T11:36:56","modified_gmt":"2020-12-15T10:36:56","slug":"menu-2","status":"publish","type":"page","link":"https:\/\/chuibnrochd.ma\/?page_id=1390","title":{"rendered":"Cooperation Nationale"},"content":{"rendered":"<p>&nbsp;<\/p>\n<p>Le CHU Ibn Rochd de Casablanca est l\u2019un des grands acteurs de sant\u00e9 de la r\u00e9gion de Casablanca-Settat. Son activit\u00e9 s\u2019inscrit dans une dynamique nationale et territoriale. De nombreux accords de partenariats et de coop\u00e9rations dans les domaines m\u00e9dicaux, cliniques, m\u00e9dico-techniques ou administratifs ont \u00e9t\u00e9 nou\u00e9s avec des partenaires institutionnels, de la soci\u00e9t\u00e9 civile et\/ou savante, et ayant pour vocation d\u2019\u00e9tablir les fondements de coop\u00e9rations visant \u00e0 renforcer la continuit\u00e9 de l\u2019offre de soins aux patients, leurs acc\u00e8s aux techniques innovantes, et coordonner la formation des futurs professionnels de sant\u00e9 du territoire\u2026<\/p>\n","protected":false},"excerpt":{"rendered":"<p>&nbsp; Le CHU Ibn Rochd de Casablanca est l\u2019un des grands acteurs de sant\u00e9 de la r\u00e9gion de Casablanca-Settat. Son activit\u00e9 s\u2019inscrit dans une dynamique nationale et territoriale. De nombreux accords de partenariats et de coop\u00e9rations dans les domaines m\u00e9dicaux, cliniques, m\u00e9dico-techniques ou administratifs ont \u00e9t\u00e9 nou\u00e9s avec des partenaires institutionnels, de la soci\u00e9t\u00e9 civile [&hellip;]<\/p>\n","protected":false},"author":1,"featured_media":1911,"parent":0,"menu_order":0,"comment_status":"closed","ping_status":"closed","template":"standard-presentation.php","meta":{"footnotes":""},"class_list":["post-1390","page","type-page","status-publish","has-post-thumbnail","hentry"],"new_scheduled_revision":"","save_as_revision":"","_links":{"self":[{"href":"https:\/\/chuibnrochd.ma\/index.php?rest_route=\/wp\/v2\/pages\/1390","targetHints":{"allow":["GET"]}}],"collection":[{"href":"https:\/\/chuibnrochd.ma\/index.php?rest_route=\/wp\/v2\/pages"}],"about":[{"href":"https:\/\/chuibnrochd.ma\/index.php?rest_route=\/wp\/v2\/types\/page"}],"author":[{"embeddable":true,"href":"https:\/\/chuibnrochd.ma\/index.php?rest_route=\/wp\/v2\/users\/1"}],"replies":[{"embeddable":true,"href":"https:\/\/chuibnrochd.ma\/index.php?rest_route=%2Fwp%2Fv2%2Fcomments&post=1390"}],"version-history":[{"count":13,"href":"https:\/\/chuibnrochd.ma\/index.php?rest_route=\/wp\/v2\/pages\/1390\/revisions"}],"predecessor-version":[{"id":2067,"href":"https:\/\/chuibnrochd.ma\/index.php?rest_route=\/wp\/v2\/pages\/1390\/revisions\/2067"}],"wp:featuredmedia":[{"embeddable":true,"href":"https:\/\/chuibnrochd.ma\/index.php?rest_route=\/wp\/v2\/media\/1911"}],"wp:attachment":[{"href":"https:\/\/chuibnrochd.ma\/index.php?rest_route=%2Fwp%2Fv2%2Fmedia&parent=1390"}],"curies":[{"name":"wp","href":"https:\/\/api.w.org\/{rel}","templated":true}]}}