{"id":1665,"date":"2020-10-28T10:00:18","date_gmt":"2020-10-28T09:00:18","guid":{"rendered":"http:\/\/server10.servermdz.pro\/chu\/?page_id=1665"},"modified":"2025-05-20T13:25:41","modified_gmt":"2025-05-20T11:25:41","slug":"exploration-imagerie","status":"publish","type":"page","link":"https:\/\/chuibnrochd.ma\/?page_id=1665","title":{"rendered":"Exploration Fonctionnelle\/Imagerie\/Radiologie"},"content":{"rendered":"<p style=\"text-align: center;\"><span style=\"font-size: 23px; color: #b35e00;\"><strong>Radiologie, Imagerie, Explorations Fonctionnelles, Examens\u00a0de laboratoires<\/strong><\/span><\/p>\n<p>Un examen ambulatoire est un acte qui se pratique sans avoir recours \u00e0 l\u2019hospitalisation, qui permet au patient d\u2019\u00eatre diagnostiqu\u00e9 dans un service m\u00e9dico-technique pour une dur\u00e9e de quelques heures. Ces pratiques concernent les gestes suivants :<\/p>\n<div style=\"margin: 10px 0 0 30px;\">\n<ul>\n<li>Les examens de laboratoires.<\/li>\n<li>Les examens de Radiologie et d\u2019explorations fonctionnelles.<\/li>\n<\/ul>\n<\/div>\n<p><span style=\"color: #ff8b08; font-size: 19px;\"><strong>1. Prise de rendez-vous des examens de laboratoires<\/strong><\/span><\/p>\n<p>Les examens biologiques sont\u00a0 regroup\u00e9es au niveau de l\u2019H\u00f4pital Ibn Rochd . Pour prendre rendez-vous, vous devez vous pr\u00e9senter, sur place, au Centre d\u2019Accueil et de Pr\u00e9l\u00e8vements(CAP), situ\u00e9 \u00e0 l&#8217;int\u00e9rieur de l&#8217;h\u00f4pital Ibn Rochd, au rez-de-chauss\u00e9e des laboratoires. L&#8217;acc\u00e8s au CAP se fait par la porte principale de l&#8217;H\u00f4pital Ibn Rochd.<\/p>\n<p><span style=\"color: #ff8b08; font-size: 19px;\"><strong>2. Prise de rendez-vous des examens de radiologie et d\u2019explorations fonctionnelles<\/strong><\/span><\/p>\n<p>Vous pouvez prendre votre rendez-vous en ligne via le lien :<\/p>\n<p style=\"text-align: center;\"><strong><a href=\"http:\/\/rdv.chucasa.ma\/rendezVous\/\">http:\/\/rdv.chucasa.ma\/rendezVous<\/a><\/strong><\/p>\n<p>Pour les rendez-vous sur place, vous devez vous pr\u00e9senter aux sites suivants :<\/p>\n<p><span style=\"color: #da9b54; font-size: 19px; font-style: italic; font-weight: 100;\"><strong>H\u00f4pital Ibn Rochd :<\/strong><\/span><\/p>\n<div style=\"margin: 10px 0 0 30px;\">\n<ul>\n<li>Centre de Consultations polyvalentes (CCP) P28, situ\u00e9 \u00e0 l\u2019ext\u00e9rieur de l\u2019h\u00f4pital Ibn Rochd, \u00e0 c\u00f4t\u00e9 du Service d\u2019Accueil des Urgences<\/li>\n<\/ul>\n<\/div>\n<p><span style=\"color: #da9b54; font-size: 19px; font-style: italic; font-weight: 100;\"><strong>H\u00f4pital 20 Ao\u00fbt 1953 :<\/strong><\/span><\/p>\n<div style=\"margin: 10px 0 0 30px;\">\n<ul>\n<li>Service d\u2019Accueil et de Rendez-vous situ\u00e9 \u00e0 l\u2019entr\u00e9e de la porte principale de l\u2019h\u00f4pital<\/li>\n<\/ul>\n<\/div>\n<p><span style=\"color: #da9b54; font-size: 19px; font-style: italic; font-weight: 100;\"><strong>H\u00f4pital M\u00e8re-Enfant Abderrahim Harouchi :<\/strong><\/span><\/p>\n<div style=\"margin: 10px 0 0 30px;\">\n<ul>\n<li>Service de Rendez-vous, situ\u00e9 au sein de l\u2019h\u00f4pital, \u00e0 c\u00f4t\u00e9 du service de consultations.<\/li>\n<\/ul>\n<\/div>\n<p><span style=\"color: #da9b54; font-size: 19px; font-style: italic; font-weight: 100;\"><strong>Centre de Consultations et de Traitements Dentaires (CCTD) :<\/strong><\/span><\/p>\n<div style=\"margin: 10px 0 0 30px;\">\n<ul>\n<li>Les rendez-vous sont pris au niveau du Bureau d\u2019Admission et de Facturation (BAF).<\/li>\n<\/ul>\n<\/div>\n<p><span style=\"color: #ff8b08; font-size: 19px;\"><strong>3. R\u00e8glement des examens ambulatoires<\/strong><\/span><\/p>\n<p><span style=\"color: #da9b54; font-size: 19px; font-style: italic; font-weight: 100;\"><strong>\u00a0RAMED, AMO TADAMOUN ou exon\u00e9r\u00e9s de droit<\/strong><\/span><\/p>\n<p><span style=\"font-size: 16px;\">Le patient devrait se pr\u00e9senter au bureau en pr\u00e9sentant les pi\u00e8ces suivantes :<\/span><\/p>\n<ul>\n<li><span style=\"font-size: 16px;\">Copie de la carte du Ramed valide (en cas de fermeture du doit \u00e0 l\u2019AMO Tadamoun)<\/span><\/li>\n<li><span style=\"font-size: 16px;\">Carte de CNIE ;<\/span><\/li>\n<li><span style=\"font-size: 16px;\">Attestation de L\u2019AMO TADAMOUN (Si le patient n\u2019est pas l\u2019adh\u00e9rent)<\/span><\/li>\n<li><span style=\"font-size: 16px;\">Copie des billets d\u2019examens (pr\u00e9cisant la nature de l\u2019acte, la date du rendez-vous et le cachet du m\u00e9decin traitant.<\/span><\/li>\n<li><span style=\"font-size: 16px;\">Attestation ou bien certificat, pour les exon\u00e9r\u00e9s de droit, qui justifie leur appartenance aux cas suivants\u00a0: (Etablissements sociaux, Hiv, H\u00e9patite c, Sans domicile fixe, Tuberculeuse et Etablissement p\u00e9nitentiaire)<\/span><\/li>\n<\/ul>\n<p><span style=\"color: #da9b54; font-size: 19px; font-style: italic; font-weight: 100;\"><strong>Patients payants<\/strong><\/span><\/p>\n<p><span style=\"font-size: 16px;\">Le patient devra se pr\u00e9senter au bureau de facturation (externe) en pr\u00e9sentant les pi\u00e8ces suivantes\u00a0:<\/span><\/p>\n<ul>\n<li><span style=\"font-size: 16px;\">Carte de CNIE ;<\/span><\/li>\n<li><span style=\"font-size: 16px;\">Copie des billets d\u2019examens (pr\u00e9cisant la nature de l\u2019acte, la date du rendez-vous et le cachet du m\u00e9decin traitant.<\/span><\/li>\n<\/ul>\n<p><span style=\"color: #da9b54; font-size: 19px; font-style: italic; font-weight: 100;\"><strong>Patients mutualistes<\/strong><\/span><\/p>\n<p><strong><u>Pour la C.N.O.P.S<\/u><\/strong><\/p>\n<p><span style=\"font-size: 16px;\">Les pi\u00e8ces demand\u00e9es suivantes :<\/span><\/p>\n<p><span style=\"font-size: 16px;\">&#8211; Deux copies de la carte d\u2019immatriculation (recto verso) et attestation d\u2019immatriculation<\/span><\/p>\n<p><span style=\"font-size: 16px;\">&#8211; Deux copies de la CNIE de l\u2019assur\u00e9 (recto verso) ;<\/span><\/p>\n<p><span style=\"font-size: 16px;\">&#8211; Une feuille mutuelle dument rempli et cachet\u00e9 par le m\u00e9decin pr\u00e9cisant le rendez-vous et le cachet du service + 2 copies ;<\/span><\/p>\n<p><span style=\"font-size: 16px;\">&#8211; Bon d\u2019examen sign\u00e9 et cachet\u00e9 par le m\u00e9decin traitant pr\u00e9cisant les renseignements cliniques et le rendez-vous de l\u2019acte ;<\/span><\/p>\n<p><span style=\"font-size: 16px;\">&#8211; Deux copies de la carte CNIE (pour les enfants ayants un \u00e2ge entre 21 et 26 ans ou handicap\u00e9 ou conjoint) ;<\/span><\/p>\n<p><span style=\"font-size: 16px;\">&#8211; Certificat de scolarit\u00e9 pour les enfants ayants un \u00e2ge entre 21 et 26 ans ;<\/span><\/p>\n<p><span style=\"font-size: 16px;\">&#8211; Certificat de maintien de droit pour les handicap\u00e9s ;<\/span><\/p>\n<ul>\n<li><strong><u>Pour les F.A.R<\/u><\/strong><\/li>\n<\/ul>\n<p><span style=\"font-size: 16px;\">Les pi\u00e8ces demand\u00e9es suivantes :<\/span><\/p>\n<p><span style=\"font-size: 16px;\">&#8211; Feuille mutuel dument rempli et cachet\u00e9 par le m\u00e9decin + 2 copies<\/span><\/p>\n<p><span style=\"font-size: 16px;\">&#8211; D\u00e9cision de prise en charges dument rempli et sign\u00e9 par le m\u00e9decin \u00e9mis et cachet\u00e9 par garnison + 2 copies<\/span><\/p>\n<p><span style=\"font-size: 16px;\">&#8211; Bons d\u2019examens sign\u00e9 et cachet\u00e9 par le m\u00e9decin + 2 copies ;<\/span><\/p>\n<p><span style=\"font-size: 16px;\">&#8211; 2 copies de la carte CNIE<\/span><\/p>\n<p><span style=\"font-size: 16px;\">&#8211; 2 copies de la carte mutuelle<\/span><\/p>\n<ul>\n<li><strong><u>Pour la Mauritanie <\/u><\/strong><\/li>\n<\/ul>\n<p><span style=\"font-size: 16px;\">&#8211; D\u00e9cision de prise en charges sign\u00e9 et cachet\u00e9 par l\u2019ambassade.<\/span><\/p>\n<p><span style=\"font-size: 16px;\">&#8211; Bons d\u2019examens sign\u00e9 et cachet\u00e9 par le m\u00e9decin + 2 copies ;<\/span><\/p>\n<p><span style=\"font-size: 16px;\">&#8211; 2 copies du Passeport<\/span><\/p>\n<ul>\n<li><strong><u>Palai royal et la Fondation LALLA SALMA<\/u><\/strong><\/li>\n<\/ul>\n<p><span style=\"font-size: 16px;\">&#8211; D\u00e9cision de prise en charges sign\u00e9 et cachet\u00e9.<\/span><\/p>\n<p><span style=\"font-size: 16px;\">&#8211; Bons d\u2019examens sign\u00e9 et cachet\u00e9 par le m\u00e9decin + 2 copies ;<\/span><\/p>\n<p><span style=\"font-size: 16px;\">&#8211; 2 copies de la carte CNIE<\/span><\/p>\n","protected":false},"excerpt":{"rendered":"<p>Radiologie, Imagerie, Explorations Fonctionnelles, Examens\u00a0de laboratoires Un examen ambulatoire est un acte qui se pratique sans avoir recours \u00e0 l\u2019hospitalisation, qui permet au patient d\u2019\u00eatre diagnostiqu\u00e9 dans un service m\u00e9dico-technique pour une dur\u00e9e de quelques heures. Ces pratiques concernent les gestes suivants : Les examens de laboratoires. Les examens de Radiologie et d\u2019explorations fonctionnelles. 1. [&hellip;]<\/p>\n","protected":false},"author":1,"featured_media":0,"parent":0,"menu_order":0,"comment_status":"closed","ping_status":"closed","template":"standard-patient-visiteurs.php","meta":{"footnotes":""},"class_list":["post-1665","page","type-page","status-publish","hentry"],"new_scheduled_revision":"","save_as_revision":"","_links":{"self":[{"href":"https:\/\/chuibnrochd.ma\/index.php?rest_route=\/wp\/v2\/pages\/1665","targetHints":{"allow":["GET"]}}],"collection":[{"href":"https:\/\/chuibnrochd.ma\/index.php?rest_route=\/wp\/v2\/pages"}],"about":[{"href":"https:\/\/chuibnrochd.ma\/index.php?rest_route=\/wp\/v2\/types\/page"}],"author":[{"embeddable":true,"href":"https:\/\/chuibnrochd.ma\/index.php?rest_route=\/wp\/v2\/users\/1"}],"replies":[{"embeddable":true,"href":"https:\/\/chuibnrochd.ma\/index.php?rest_route=%2Fwp%2Fv2%2Fcomments&post=1665"}],"version-history":[{"count":42,"href":"https:\/\/chuibnrochd.ma\/index.php?rest_route=\/wp\/v2\/pages\/1665\/revisions"}],"predecessor-version":[{"id":3747,"href":"https:\/\/chuibnrochd.ma\/index.php?rest_route=\/wp\/v2\/pages\/1665\/revisions\/3747"}],"wp:attachment":[{"href":"https:\/\/chuibnrochd.ma\/index.php?rest_route=%2Fwp%2Fv2%2Fmedia&parent=1665"}],"curies":[{"name":"wp","href":"https:\/\/api.w.org\/{rel}","templated":true}]}}