{"id":1673,"date":"2020-10-28T10:46:30","date_gmt":"2020-10-28T09:46:30","guid":{"rendered":"http:\/\/server10.servermdz.pro\/chu\/?page_id=1673"},"modified":"2020-11-16T09:10:31","modified_gmt":"2020-11-16T08:10:31","slug":"urgences","status":"publish","type":"page","link":"https:\/\/chuibnrochd.ma\/?page_id=1673","title":{"rendered":"Urgences"},"content":{"rendered":"<p style=\"text-align: center;\"><span style=\"font-size: 23px; color: #b35e00;\"><strong>Les services d\u2019urgence ont vocation \u00e0 prendre en charge et en priorit\u00e9 les urgences vitales<\/strong><\/span><\/p>\n<p>&nbsp;<\/p>\n<p>Acteur de r\u00e9f\u00e9rence dans l\u2019offre de soins \u00e0 l\u2019\u00e9chelle r\u00e9gionale et nationale, le Centre Hospitalier Universitaire (CHUIR) dispose de 5 services d\u2019urgence. Ces services accueillent et prennent en charge toute personne en situation d\u2019urgence m\u00e9dicale ou chirurgicale. Ils sont tr\u00e8s sollicit\u00e9s de jour comme de nuit, les week-ends et les jours f\u00e9ri\u00e9s :<\/p>\n<p>&nbsp;<\/p>\n<ul style=\"padding: 0 0 0 30px;\">\n<li>Service d&#8217;Accueil des Urgences de l&#8217;H\u00f4pital Ibn Rochd;<\/li>\n<li>Service d&#8217;Accueil des Urgences de l&#8217;H\u00f4pital 20 Ao\u00fbt 1953;<\/li>\n<li>Service d&#8217;Accueil des Urgences de l\u2019h\u00f4pital M\u00e8re-Enfant Abderrahim Harouchi;<\/li>\n<li>Service d&#8217;Accueil des Urgences Psychiatriques;<\/li>\n<li>Service d&#8217;Accueil des Urgences Dentaires.<\/li>\n<\/ul>\n<p>&nbsp;<\/p>\n<p>&nbsp;<\/p>\n<p style=\"text-align: center;\"><span style=\"font-size: 23px; color: #b35e00;\"><strong>Votre arriv\u00e9e au service d\u2019Accueil des Urgences<\/strong><\/span><\/p>\n<p>&nbsp;<\/p>\n<p><a href=\"http:\/\/server10.servermdz.pro\/chu\/wp-content\/uploads\/2020\/10\/urg.jpg\"><\/a><span style=\"color: #d47000; font-size: 19px;\"><strong>L&#8217;accueil<\/strong><\/span><\/p>\n<div style=\"margin: 10px 0 0 30px;\">\n<ul>\n<li>Le Service d\u2019Accueil des Urgences accueille tout patient, qu&#8217;il vienne de lui-m\u00eame ou qu&#8217;il soit achemin\u00e9 par les services de secours (ambulance, service des pompiers);<\/li>\n<li>Un guichet d\u2019accueil permet l\u2019inscription des patients des patients (identit\u00e9, domicile);<\/li>\n<li>Les patient acc\u00e9dant au Service d\u2019Accueil des Urgences sont accueillis, puis orient\u00e9s selon une proc\u00e9dure de tri (accueil et orientation);<\/li>\n<li>Le tri consiste \u00e0 prioriser la prise en charge des patients en fonction du degr\u00e9 de gravit\u00e9.<\/li>\n<\/ul>\n<p>&nbsp;<\/p>\n<\/div>\n<p><span style=\"color: #d47000; font-size: 19px;\"><strong>La prise en charge<\/strong><\/span><\/p>\n<div style=\"margin: 10px 0 0 30px;\">\n<ul>\n<li>La prise en charge des patients est sous la responsabilit\u00e9 des m\u00e9decins (des internes, des r\u00e9sidents et des professeurs), et d\u2019une \u00e9quipe param\u00e9dicale dirig\u00e9e par un infirmier chef.<\/li>\n<li>La prise en charge des patients est organis\u00e9e selon deux types de circuits :<\/li>\n<\/ul>\n<ul style=\"list-style-type: circle; margin: 10px 0 0 60px;\">\n<li>Un circuit court : c\u2019est le passage direct du secteur d\u2019accueil vers le secteur de d\u00e9choquage. Ce circuit est r\u00e9serv\u00e9 aux patients pr\u00e9sentant une d\u00e9tresse vitale;<\/li>\n<li>Un circuit long pour les patients pr\u00e9sentant une d\u00e9tresse mod\u00e9r\u00e9e, et dont l\u2019\u00e9tat n\u00e9cessite un examen clinique et des investigations compl\u00e9mentaires. Ces patients auront des soins l\u00e9gers et seront soit hospitalis\u00e9s, soit sortiront avec une ordonnance m\u00e9dicale.<\/li>\n<\/ul>\n<\/div>\n<p>&nbsp;<\/p>\n<p style=\"text-align: center;\"><span style=\"font-size: 23px; color: #b35e00;\"><strong>Sites et sp\u00e9cificit\u00e9 des urgences du CHUIR<\/strong><\/span><\/p>\n<p>&nbsp;<\/p>\n<p><span style=\"color: #d47000; font-size: 19px;\"><strong>Service d&#8217;Accueil des Urgences de l&#8217;H\u00f4pital Ibn Rochd<\/strong><\/span><\/p>\n<div style=\"margin: 10px 0 0 30px;\">\n<div class=\"m0\" style=\"display: flex;\">\n<p style=\"margin: 0; color: #555; font-weight: bold; width: 120px;\">Adresse<\/p>\n<p style=\"width: 20px;\">:<\/p>\n<p>1, quartier des h\u00f4pitaux, Casablanca<\/p>\n<\/div>\n<div class=\"m0\" style=\"display: flex;\">\n<p style=\"margin: 0; color: #555; font-weight: bold; width: 120px;\">T\u00e9l\u00e9phone<\/p>\n<p>&nbsp;<\/p>\n<p style=\"width: 20px;\">:<\/p>\n<p>(0522) 48 20 20 (Poste : 544 \u2013 312 &#8211; 313)<\/p>\n<\/div>\n<div class=\"m0\" style=\"display: flex;\">\n<p style=\"color: #555; font-weight: bold; width: 120px;\">Sp\u00e9cificit\u00e9<\/p>\n<p style=\"width: 20px;\">:<\/p>\n<p>L\u2019accueil et la prise en charge 24h\/24 et 7j\/7 toute personne adulte, \u00e2g\u00e9e de plus de 13 ans, se pr\u00e9sentant pour une pathologie m\u00e9dicale, chirurgicale et traumatique.<\/p>\n<\/div>\n<\/div>\n<p>&nbsp;<\/p>\n<p><span style=\"color: #d47000; font-size: 19px;\"><strong>Service d&#8217;Accueil des Urgences de l&#8217;H\u00f4pital du 20 Ao\u00fbt 1953<\/strong><\/span><\/p>\n<div style=\"margin: 10px 0 0 30px;\">\n<div class=\"m0\" style=\"display: flex;\">\n<p style=\"margin: 0; color: #555; font-weight: bold; width: 120px;\">Adresse<\/p>\n<p style=\"width: 20px;\">:<\/p>\n<p>Rue Lahcen El Arjoun, Casablanca<\/p>\n<\/div>\n<div class=\"m0\" style=\"display: flex;\">\n<p style=\"margin: 0; color: #555; font-weight: bold; width: 120px;\">T\u00e9l\u00e9phone<\/p>\n<p style=\"width: 20px;\">:<\/p>\n<p>(0522) 48 30 30 (Poste : 405)<\/p>\n<\/div>\n<div class=\"m0\" style=\"display: flex;\">\n<p style=\"color: #555; font-weight: bold; width: 120px;\">Sp\u00e9cificit\u00e9<\/p>\n<p style=\"width: 20px;\">:<\/p>\n<p>L\u2019accueil et la prise en charge 24h\/24 et 7j\/7 des urgences adultes et p\u00e9diatrique Oto-Rhino-Laryngologie (ORL) et l\u2019ophtalmologie.<\/p>\n<\/div>\n<\/div>\n<p>&nbsp;<\/p>\n<p><span style=\"color: #ff0000; font-size: 19px;\"><strong><span style=\"color: #d47000;\">Service d&#8217;Accueil des Urgences de l\u2019h\u00f4pital M\u00e8re-Enfant Abderrahim Harouchi<\/span><\/strong><\/span><\/p>\n<div style=\"margin: 10px 0 0 30px;\">\n<div class=\"m0\" style=\"display: flex;\">\n<p style=\"margin: 0; color: #555; font-weight: bold; width: 120px;\">Adresse<\/p>\n<p style=\"width: 20px;\">:<\/p>\n<p>Rue El Faidouzi, Casablanca<\/p>\n<\/div>\n<div class=\"m0\" style=\"display: flex;\">\n<p style=\"margin: 0; color: #555; font-weight: bold; width: 120px;\">T\u00e9l\u00e9phone<\/p>\n<p style=\"width: 20px;\">:<\/p>\n<p>(0522) 48 40 40 (Postes : 338 &#8211; 595)<\/p>\n<\/div>\n<div class=\"m0\" style=\"display: flex;\">\n<p style=\"color: #555; font-weight: bold; width: 120px;\">Sp\u00e9cificit\u00e9<\/p>\n<p style=\"width: 20px;\">:<\/p>\n<p>Urgences gyn\u00e9cologiques et obst\u00e9trique : une \u00e9quipe pluridisciplinaire accueille la femme 24\/24 pour toutes urgences relevant de la gyn\u00e9cologie ou de la maternit\u00e9;<br \/>Urgences p\u00e9diatriques : accueille et prend en charge les enfants de la naissance \u00e0 14 ans, pour une pathologie m\u00e9dicale, chirurgicale et traumatologique de survenu brutale (except\u00e9 la sp\u00e9cialit\u00e9 ORL et ophtalmologie).<\/p>\n<\/div>\n<\/div>\n<p>&nbsp;<\/p>\n<p><span style=\"color: #d47000; font-size: 19px;\"><strong>Service d&#8217;Accueil des Urgences Psychiatriques<\/strong><\/span><\/p>\n<div style=\"margin: 10px 0 0 30px;\">\n<div class=\"m0\" style=\"display: flex;\">\n<p style=\"margin: 0; color: #555; font-weight: bold; width: 120px;\">Adresse<\/p>\n<p style=\"width: 20px;\">:<\/p>\n<p>Rue Tarik Ibn Ziad<\/p>\n<\/div>\n<div class=\"m0\" style=\"display: flex;\">\n<p style=\"margin: 0; color: #555; font-weight: bold; width: 120px;\">T\u00e9l\u00e9phone<\/p>\n<p style=\"width: 20px;\">:<\/p>\n<p>(0522) 48 20 20 (Postes : 257 &#8211; 487)<\/p>\n<\/div>\n<div class=\"m0\" style=\"display: flex;\">\n<p style=\"color: #555; font-weight: bold; width: 120px;\">Sp\u00e9cificit\u00e9<\/p>\n<p style=\"width: 20px;\">:<\/p>\n<p>La prise en charge des patients, tous \u00e2ges, pr\u00e9sentant des troubles psychiatriques : pathologies de l\u2019enfant et de l\u2019adolescent, troubles mentaux de l\u2019adulte.<\/p>\n<\/div>\n<\/div>\n<p>&nbsp;<\/p>\n<p><span style=\"color: #d47000; font-size: 19px;\"><strong>Service d&#8217;Accueil des Urgences Dentaires<\/strong><\/span><\/p>\n<div style=\"margin: 10px 0 0 30px;\">\n<div class=\"m0\" style=\"display: flex;\">\n<p style=\"margin: 0; color: #555; font-weight: bold; width: 120px;\">Adresse<\/p>\n<p style=\"width: 20px;\">:<\/p>\n<p>Rue Abou Alaa Zahr, B.P. 9157, Casablanca<\/p>\n<\/div>\n<div class=\"m0\" style=\"display: flex;\">\n<p style=\"margin: 0; color: #555; font-weight: bold; width: 120px;\">T\u00e9l\u00e9phone<\/p>\n<p style=\"width: 20px;\">:<\/p>\n<p>(0522) 48 50 50 (Poste : 356)<\/p>\n<\/div>\n<div class=\"m0\" style=\"display: flex;\">\n<p style=\"color: #555; font-weight: bold; width: 120px;\">Sp\u00e9cificit\u00e9<\/p>\n<p style=\"width: 20px;\">:<\/p>\n<p>Urgences dentaires.<\/p>\n<\/div>\n<\/div>\n","protected":false},"excerpt":{"rendered":"<p>Les services d\u2019urgence ont vocation \u00e0 prendre en charge et en priorit\u00e9 les urgences vitales &nbsp; Acteur de r\u00e9f\u00e9rence dans l\u2019offre de soins \u00e0 l\u2019\u00e9chelle r\u00e9gionale et nationale, le Centre Hospitalier Universitaire (CHUIR) dispose de 5 services d\u2019urgence. Ces services accueillent et prennent en charge toute personne en situation d\u2019urgence m\u00e9dicale ou chirurgicale. Ils sont [&hellip;]<\/p>\n","protected":false},"author":1,"featured_media":0,"parent":0,"menu_order":0,"comment_status":"closed","ping_status":"closed","template":"standard-patient-visiteurs.php","meta":{"footnotes":""},"class_list":["post-1673","page","type-page","status-publish","hentry"],"new_scheduled_revision":"","save_as_revision":"","_links":{"self":[{"href":"https:\/\/chuibnrochd.ma\/index.php?rest_route=\/wp\/v2\/pages\/1673","targetHints":{"allow":["GET"]}}],"collection":[{"href":"https:\/\/chuibnrochd.ma\/index.php?rest_route=\/wp\/v2\/pages"}],"about":[{"href":"https:\/\/chuibnrochd.ma\/index.php?rest_route=\/wp\/v2\/types\/page"}],"author":[{"embeddable":true,"href":"https:\/\/chuibnrochd.ma\/index.php?rest_route=\/wp\/v2\/users\/1"}],"replies":[{"embeddable":true,"href":"https:\/\/chuibnrochd.ma\/index.php?rest_route=%2Fwp%2Fv2%2Fcomments&post=1673"}],"version-history":[{"count":54,"href":"https:\/\/chuibnrochd.ma\/index.php?rest_route=\/wp\/v2\/pages\/1673\/revisions"}],"predecessor-version":[{"id":1851,"href":"https:\/\/chuibnrochd.ma\/index.php?rest_route=\/wp\/v2\/pages\/1673\/revisions\/1851"}],"wp:attachment":[{"href":"https:\/\/chuibnrochd.ma\/index.php?rest_route=%2Fwp%2Fv2%2Fmedia&parent=1673"}],"curies":[{"name":"wp","href":"https:\/\/api.w.org\/{rel}","templated":true}]}}