{"id":174,"date":"2019-08-26T12:45:28","date_gmt":"2019-08-26T10:45:28","guid":{"rendered":"http:\/\/server10.servermdz.pro\/chu\/?page_id=174"},"modified":"2025-05-05T16:04:55","modified_gmt":"2025-05-05T14:04:55","slug":"consultation","status":"publish","type":"page","link":"https:\/\/chuibnrochd.ma\/?page_id=174","title":{"rendered":"Consultation"},"content":{"rendered":"<p style=\"text-align: center;\"><span style=\"font-size: 23px; color: #b35e00;\"><strong>Prendre rendez-vous en ligne<\/strong><\/span><\/p>\n<p>&nbsp;<\/p>\n<p>Pour faciliter vos d\u00e9marches administratives et r\u00e9duire le nombre de d\u00e9placements, le CHUIR vous propose un service de prise rendez-vous en ligne pour les diff\u00e9rentes sp\u00e9cialit\u00e9s m\u00e9dicales et m\u00e9dico-technique(imagerie\/explorations fonctionnelles) au niveau des \u00e9tablissements du CHUIR. Vous \u00eates pri\u00e9s de renseigner votre demande de rendez-vous en ligne via le lien suivant :<\/p>\n<p>&nbsp;<\/p>\n<p style=\"text-align: center;\"><span style=\"font-size: 21px; color: #b35e00;\"><strong><a href=\"http:\/\/rdv.chucasa.ma\/rendezVous\/\">http:\/\/rdv.chucasa.ma\/rendezVous<\/a><\/strong><\/span><\/p>\n<p>&nbsp;<\/p>\n<p>&nbsp;<\/p>\n<p><span style=\"color: #d47000; font-size: 19px;\"><strong>Les demandes doivent \u00eatre accompagn\u00e9es des pi\u00e8ces suivantes :<\/strong><\/span><\/p>\n<div style=\"margin: 10px 0 0 30px;\">\n<ul>\n<li>La Fiche de liaison, pour\u00a0les mutualistes et les payants , \u00e9tablie par le m\u00e9decin de r\u00e9f\u00e9rence;<\/li>\n<\/ul>\n<p>&nbsp;<\/p>\n<\/div>\n<p style=\"text-align: center;\"><span style=\"font-size: 23px; color: #b35e00;\"><strong>Prendre rendez-vous sur place<\/strong><\/span><\/p>\n<p>&nbsp;<\/p>\n<p><span style=\"font-size: 16px;\">Pour les rendez-vous sur place, vous devez vous pr\u00e9senter aux sites suivants :<\/span><\/p>\n<p>&nbsp;<\/p>\n<p><span style=\"color: #d47000; font-size: 19px;\"><strong>H\u00f4pital Ibn Rochd :<\/strong><\/span><\/p>\n<div style=\"margin: 10px 0 0 30px;\">\n<ul>\n<li>Centre de Consultations polyvalentes (CCP) P28 situ\u00e9 \u00e0 l\u2019ext\u00e9rieur de l\u2019h\u00f4pital Ibn Rochd, \u00e0 c\u00f4t\u00e9 du Service d\u2019Accueil des Urgences.<\/li>\n<\/ul>\n<p>&nbsp;<\/p>\n<\/div>\n<p><span style=\"color: #d47000; font-size: 19px;\"><strong>H\u00f4pital 20 Ao\u00fbt 1953 :<\/strong><\/span><\/p>\n<div style=\"margin: 10px 0 0 30px;\">\n<ul>\n<li>Service d\u2019Accueil et de Rendez-vous\u00a0 situ\u00e9 \u00e0 l\u2019entr\u00e9e de la porte principale de l\u2019h\u00f4pital.<\/li>\n<\/ul>\n<p>&nbsp;<\/p>\n<\/div>\n<p><span style=\"color: #d47000; font-size: 19px;\"><strong>H\u00f4pital M\u00e8re-Enfant Abderrahim Harouchi :<\/strong><\/span><\/p>\n<div style=\"margin: 10px 0 0 30px;\">\n<ul>\n<li>Service de Rendez-vous; situ\u00e9 au sein de l\u2019h\u00f4pital, \u00e0 c\u00f4t\u00e9 du service de consultations.<\/li>\n<\/ul>\n<p>&nbsp;<\/p>\n<\/div>\n<p><span style=\"color: #d47000; font-size: 19px;\"><strong>Centre de Consultations et de Traitements Dentaires (CCTD) :<\/strong><\/span><\/p>\n<div style=\"margin: 10px 0 0 30px;\">\n<ul>\n<li>Bureau d\u2019Admission et de Facturation (BAF) situ\u00e9 \u00e0 l&#8217;entr\u00e9e du CCTD.<\/li>\n<\/ul>\n<p>&nbsp;<\/p>\n<\/div>\n<p><span style=\"color: #ff0000;\">NB : les patients doivent se pr\u00e9senter ,munis\u00a0de\u00a0la fiche de liaison\/la fiche de r\u00e9f\u00e9rence. Toutes les informations n\u00e9cessaires \u00e0 votre consultation sont indiqu\u00e9es sur les bons de rendez-vous (la date, l\u2019horaire, le num\u00e9ro de la salle de consultation\u2026).<\/span><\/p>\n<p>&nbsp;<\/p>\n<p style=\"text-align: center;\"><span style=\"font-size: 23px; color: #b35e00;\"><strong>Formalit\u00e9s de r\u00e8glement<\/strong><\/span><\/p>\n<p>&nbsp;<\/p>\n<p style=\"text-align: left;\">Pr\u00e9alablement \u00e0 votre consultation, vous devez vous pr\u00e9senter le jour du rendez-vous avant l\u2019heure de la consultation au Bureau des Admissions et de Facturation (BAF) de l\u2019h\u00f4pital pour r\u00e9gler les frais de la consultation . Pi\u00e8ces \u00e0 fournir selon votre situation :<\/p>\n<div style=\"margin: 10px 0 0 30px;\">\n<p>&nbsp;<\/p>\n<\/div>\n<p><span style=\"color: #d47000; font-size: 19px;\"><strong>Payants :<\/strong><\/span><\/p>\n<div style=\"margin: 10px 0 0 30px;\">\n<ul>\n<li>Le RDV de la consultation + (une copie du RDV)<\/li>\n<li>Montant de 100 DH<\/li>\n<li>Fiche de liaison<\/li>\n<\/ul>\n<p>&nbsp;<\/p>\n<\/div>\n<p><span style=\"color: #d47000; font-size: 19px;\"><strong>Mutualistes :<\/strong><\/span><\/p>\n<div style=\"margin: 10px 0 0 30px;\">\n<ul>\n<li>Le RDV de la consultation + (une copie du RDV)<\/li>\n<li>Une feuille de soin qui sera remplie par le R\u00e9gisseur<\/li>\n<li>Montant de 100 DH<\/li>\n<li>Fiche de liaison<\/li>\n<\/ul>\n<p>&nbsp;<\/p>\n<\/div>\n","protected":false},"excerpt":{"rendered":"<p>Prendre rendez-vous en ligne &nbsp; Pour faciliter vos d\u00e9marches administratives et r\u00e9duire le nombre de d\u00e9placements, le CHUIR vous propose un service de prise rendez-vous en ligne pour les diff\u00e9rentes sp\u00e9cialit\u00e9s m\u00e9dicales et m\u00e9dico-technique(imagerie\/explorations fonctionnelles) au niveau des \u00e9tablissements du CHUIR. Vous \u00eates pri\u00e9s de renseigner votre demande de rendez-vous en ligne via le lien [&hellip;]<\/p>\n","protected":false},"author":1,"featured_media":0,"parent":0,"menu_order":0,"comment_status":"closed","ping_status":"closed","template":"consultation.php","meta":{"footnotes":""},"class_list":["post-174","page","type-page","status-publish","hentry"],"new_scheduled_revision":"","save_as_revision":"","_links":{"self":[{"href":"https:\/\/chuibnrochd.ma\/index.php?rest_route=\/wp\/v2\/pages\/174","targetHints":{"allow":["GET"]}}],"collection":[{"href":"https:\/\/chuibnrochd.ma\/index.php?rest_route=\/wp\/v2\/pages"}],"about":[{"href":"https:\/\/chuibnrochd.ma\/index.php?rest_route=\/wp\/v2\/types\/page"}],"author":[{"embeddable":true,"href":"https:\/\/chuibnrochd.ma\/index.php?rest_route=\/wp\/v2\/users\/1"}],"replies":[{"embeddable":true,"href":"https:\/\/chuibnrochd.ma\/index.php?rest_route=%2Fwp%2Fv2%2Fcomments&post=174"}],"version-history":[{"count":38,"href":"https:\/\/chuibnrochd.ma\/index.php?rest_route=\/wp\/v2\/pages\/174\/revisions"}],"predecessor-version":[{"id":3682,"href":"https:\/\/chuibnrochd.ma\/index.php?rest_route=\/wp\/v2\/pages\/174\/revisions\/3682"}],"wp:attachment":[{"href":"https:\/\/chuibnrochd.ma\/index.php?rest_route=%2Fwp%2Fv2%2Fmedia&parent=174"}],"curies":[{"name":"wp","href":"https:\/\/api.w.org\/{rel}","templated":true}]}}