{"id":1958,"date":"2020-11-27T14:52:16","date_gmt":"2020-11-27T13:52:16","guid":{"rendered":"http:\/\/server10.servermdz.pro\/chu\/?page_id=1958"},"modified":"2021-02-09T12:35:12","modified_gmt":"2021-02-09T11:35:12","slug":"presse","status":"publish","type":"page","link":"https:\/\/chuibnrochd.ma\/?page_id=1958","title":{"rendered":"Presse"},"content":{"rendered":"<p>Le service de la communication est charg\u00e9 de g\u00e9rer l\u2019ensemble des demandes de la presse. Il organise, par ailleurs, \u00e0 la demande de la direction g\u00e9n\u00e9rale ou des \u00e9quipes m\u00e9dicales du CHUIR, des points de presse \u00e0 l\u2019attention des journalistes sur l\u2019actualit\u00e9 m\u00e9dicale ou \u00e9v\u00e9nements, tels qu\u2019inauguration, innovations, colloques m\u00e9dicaux\u2026<\/p>\n<p>&nbsp;<\/p>\n<p><span style=\"font-size: 24px; color: #0bccf9;\"><strong>R\u00e8gles et textes de lois<\/strong><\/span><\/p>\n<p>&nbsp;<\/p>\n<p>Dans un secteur aussi vital que la sant\u00e9, et \u00e0 l\u2019\u00e8re de la soci\u00e9t\u00e9 de l\u2019information et de la communication, le service public hospitalier reste dispos\u00e9 \u00e0 coop\u00e9rer avec la presse en permettant aux journalistes l\u2019acc\u00e8s \u00e0 l\u2019information conform\u00e9ment \u00e0 l\u2019article 27 de Constitution, les dispositions de la loi n\u00b0 88-13 relative \u00e0 la presse et \u00e0 l&#8217;\u00e9dition et les termes de la loi n\u00b0 31-13 relative au droit d\u2019acc\u00e8s \u00e0 l\u2019information.<\/p>\n<p><strong>\u00a0<\/strong><\/p>\n<p>Dans ce cadre, le CHU Ibn Rochd de Casablanca a mis \u00e0 la disposition des journalistes d\u00e9sirant r\u00e9aliser un reportage relatif \u00e0 l\u2019h\u00f4pital ou \u00e0 la sant\u00e9 un interlocuteur permanent et privil\u00e9gi\u00e9 en la personne du chef du service de la Communication, qui \u0153uvre \u00e0 mettre en contact le(s) journaliste(s) aux r\u00e9f\u00e9rents au niveau des h\u00f4pitaux relevant du CHUIR, afin de permettre aux diff\u00e9rentes parties de communiquer efficacement, dans l\u2019int\u00e9r\u00eat \u00e0 la fois de l\u2019h\u00f4pital et ses usagers, du grand public et des m\u00e9dias.<\/p>\n<p>&nbsp;<\/p>\n<p>Dans le domaine de la sant\u00e9, les probl\u00e8mes auxquels font face toutes les parties questionnent notre capacit\u00e9 \u00e0 apporter des r\u00e9ponses claires et transparentes. Face au foisonnement et \u00e0 la dispersion des informations, le public a besoin d\u2019informations fiables et cr\u00e9dibles. Les r\u00e9f\u00e9rents de communication au niveau des h\u00f4pitaux sont consid\u00e9r\u00e9s comme des m\u00e9diateurs qui facilitent l\u2019acc\u00e8s \u00e0 l\u2019information, \u00e0 la connaissance en permettant aux journalistes de faire leur travail selon les r\u00e8gles de d\u00e9ontologie.<\/p>\n<p>&nbsp;<\/p>\n<p><span style=\"font-size: 24px; color: #0bccf9;\"><strong>Autorisation de reportage<\/strong><\/span><\/p>\n<p>&nbsp;<\/p>\n<p>Si vous souhaitez r\u00e9aliser un reportage dans l\u2019un des sites du Centre Hospitalier Universitaire Ibn Rochd de Casablanca, vous devez\u00a0:<\/p>\n<ul>\n<li>Faire une demande \u00e9crite au minist\u00e8re de la Sant\u00e9, au nom de Monsieur le ministre de la Sant\u00e9 et l\u2019envoyer soit au Secr\u00e9tariat G\u00e9n\u00e9ral du Minist\u00e8re (Fax\u00a0: 05 37 76 38 95), soit \u00e0 la Division de l\u2019information et de la Communication du Minist\u00e8re (Fax\u00a0: 05 37 76 51 12);<\/li>\n<li>D\u00e9poser\/envoyer l\u2019autorisation d\u00e9livr\u00e9e par le minist\u00e8re de la Sant\u00e9 au Bureau d\u2019ordre de la Direction G\u00e9n\u00e9rale du Centre Hospitalier Universitaire Ibn Rochd, sise au 8 rue Lahcen El Arjoune, Quartier des h\u00f4pitaux, Casablanca. (Fax\u00a0: 0522 22 20 21);<\/li>\n<li>Contacter le service de la Communication du Centre Hospitalier Universitaire Ibn Rochd qui se chargera de faciliter les d\u00e9marches pour la r\u00e9alisation de votre reportage, ou vous fournira des informations pratiques et utiles\u00a0:<\/li>\n<\/ul>\n<p style=\"text-align: center;\">Email\u00a0:\u00a0<a href=\"mailto:communicationchuir@gmail.com\">communicationchuir@gmail.com<\/a><\/p>\n<p style=\"text-align: center;\">Chef du Service de la Communication et de la Coop\u00e9ration<\/p>\n<p style=\"text-align: center;\">Du Centre Hospitalier Universitaire Ibn Rochd<\/p>\n<p style=\"text-align: center;\">M<sup>me <\/sup>N. EL IDRISSI<\/p>\n<p>&nbsp;<\/p>\n<p><span style=\"font-size: 24px; color: #0bccf9;\"><strong>Les textes de loi<\/strong><\/span><\/p>\n<p>&nbsp;<\/p>\n<p><span style=\"color: #3366ff; font-size: 20px;\"><strong>\u00a0 \u00a0 &#8211; Constitution marocaine\u00a0:<\/strong><\/span><\/p>\n<p>&nbsp;<\/p>\n<ul>\n<li><strong>Article 27\u00a0: <\/strong>Les citoyennes et les citoyens ont le droit d\u2019acc\u00e9der \u00e0 l\u2019information d\u00e9tenue par l\u2019administration publique, les institutions \u00e9lues et les organismes investis d\u2019une mission de service public. Le droit \u00e0 l\u2019information ne peut \u00eatre limit\u00e9 que par la loi, dans le but d\u2019assurer la protection de tout ce qui concerne la d\u00e9fense nationale, la s\u00fbret\u00e9 int\u00e9rieure et ext\u00e9rieure de l\u2019Etat, ainsi que la vie priv\u00e9e des personnes, de pr\u00e9venir l\u2019atteinte aux droits et libert\u00e9s \u00e9nonc\u00e9s dans la pr\u00e9sente Constitution et de prot\u00e9ger des sources et des domaines express\u00e9ment d\u00e9termin\u00e9s par la loi.<\/li>\n<\/ul>\n<p>&nbsp;<\/p>\n<p><span style=\"color: #3366ff;\"><strong>Dahir n\u00b0 1-16-122 du 6 kaada 1437 (10 ao\u00fbt 2016) portant promulgation de la loi n\u00b0 88-13 relative \u00e0 la presse et \u00e0 l&#8217;\u00e9dition\u00a0: <\/strong><\/span><\/p>\n<ul>\n<li><strong>Article 6 :<\/strong> Les journalistes et les organismes et \u00e9tablissements de presse ont le droit d&#8217;acc\u00e9der aux sources d&#8217;information et de se procurer les informations de sources diverses \u00e0 l&#8217;exception des informations qui rev\u00eatent un caract\u00e8re confidentiel ou celles pour lesquelles le droit d&#8217;acc\u00e8s est limit\u00e9 conform\u00e9ment au 2<sup>\u00e8me<\/sup> alin\u00e9a de l&#8217;article 27 de la Constitution.\u00a0 \u00a0 \u00a0 \u00a0 \u00a0 \u00a0 \u00a0 \u00a0 \u00a0 \u00a0 \u00a0 \u00a0 \u00a0 \u00a0 \u00a0 \u00a0 \u00a0 \u00a0 \u00a0 \u00a0 \u00a0 \u00a0 \u00a0 \u00a0 \u00a0 \u00a0 \u00a0 \u00a0 \u00a0 \u00a0 \u00a0 \u00a0 \u00a0 \u00a0 \u00a0 \u00a0 \u00a0 \u00a0 \u00a0 \u00a0 \u00a0 \u00a0 \u00a0 \u00a0 \u00a0 \u00a0 \u00a0 \u00a0 \u00a0 \u00a0 \u00a0 \u00a0 \u00a0 \u00a0 \u00a0 \u00a0 \u00a0 \u00a0 \u00a0 \u00a0L&#8217;administration publique, les institutions \u00e9lues et les organismes investis de mission de service public sont tenus de permettre au journaliste l&#8217;acc\u00e8s \u00e0 l&#8217;information dans les d\u00e9lais l\u00e9galement fix\u00e9s, sous peine d&#8217;application des sanctions pr\u00e9vues par la l\u00e9gislation en vigueur.<\/li>\n<\/ul>\n<p>&nbsp;<\/p>\n<ul>\n<li><strong>Article 72\u00a0:<\/strong> Est punie d&#8217;une amende de 20.000 \u00e0 200.000 dirhams quiconque a publi\u00e9, diffus\u00e9 ou transmis, de mauvaise foi, une nouvelle fausse, des all\u00e9gations, des faits inexacts, des pi\u00e8ces fabriqu\u00e9es ou falsifi\u00e9es attribu\u00e9es \u00e0 des tiers, lorsque ses actes auront troubl\u00e9 l&#8217;ordre public ou suscit\u00e9 la frayeur parmi la population et ce, quel que soit le moyen utilis\u00e9 notamment par discours, cris ou menaces prof\u00e9r\u00e9s dans les lieux ou r\u00e9unions publics, par des \u00e9crits, des imprim\u00e9s vendus, distribu\u00e9s, mis en vente ou expos\u00e9s dans les lieux ou r\u00e9unions publics, par des placards ou affiches expos\u00e9s aux regards du public, ou par les diff\u00e9rents moyens d&#8217;information audiovisuelle ou \u00e9lectronique et tout autre moyen utilisant \u00e0 cet effet un support \u00e9lectronique.<\/li>\n<\/ul>\n<p>Ces m\u00eames actes sont punis d&#8217;une amende de 100.000 \u00e0 500.000 dirhams si cette publication, diffusion ou reproduction a un quelconque impact sur la discipline ou le moral des arm\u00e9es.<\/p>\n<p>Sont punis de la m\u00eame peine pr\u00e9vue au 2<sup>\u00e8me<\/sup> alin\u00e9a les actes suivants commis par les m\u00eames moyens \u00e9nonc\u00e9s au m\u00eame alin\u00e9a ci-dessus :<\/p>\n<p>&nbsp;<\/p>\n<ul>\n<li>La provocation directe aux crimes relatifs \u00e0 l&#8217;homicide, \u00e0 l&#8217;atteinte \u00e0 l&#8217;int\u00e9grit\u00e9 physique des individus, au terrorisme, au vol, ou \u00e0 la destruction ;<\/li>\n<li>L&#8217;apologie des crimes de guerre, des crimes contre l&#8217;humanit\u00e9, des crimes de g\u00e9nocide ou des crimes de terrorisme\u00a0:<\/li>\n<\/ul>\n<p>L&#8217;incitation directe \u00e0 la haine ou \u00e0 la discrimination.<\/p>\n<p>Est punie d&#8217;une amende de 20.000 \u00e0 100.000 dirhams, toute offense telle qu&#8217;elle est d\u00e9finie par la l\u00e9gislation en vigueur, commise par l&#8217;un des moyens cit\u00e9s au 1<sup>er<\/sup> alin\u00e9a ci-dessus envers les magistrats, les fonctionnaires et les chefs et agents de l&#8217;autorit\u00e9 publique lors de l&#8217;exercice de leurs fonctions ou envers toute instance organis\u00e9e.<\/p>\n<p>&nbsp;<\/p>\n<ul>\n<li><strong>Article 84\u00a0:<\/strong> Est punie d&#8217;une amende de 100.000 \u00e0 200.000 dirhams la diffamation commise par l&#8217;un des moyens \u00e9nonc\u00e9s \u00e0 l&#8217;article 72 ci-dessus, envers les cours, les tribunaux, les arm\u00e9es de terre, de mer ou de l&#8217;air, les corps constitu\u00e9s ou organis\u00e9s ou les administrations publiques du Maroc ou envers un ou plusieurs ministres, \u00e0 raison de leur fonction ou de leur qualit\u00e9, ou envers un fonctionnaire, un agent d\u00e9positaire ou auxiliaire agent de l&#8217;autorit\u00e9 publique, toute personne charg\u00e9e d&#8217;un service ou d&#8217;un mandat public temporaire ou permanent, un assesseur ou envers un t\u00e9moin \u00e0 raison de sa d\u00e9position.<\/li>\n<\/ul>\n<p>L&#8217;injure commise, par les m\u00eames moyens, contre les corps et les personnes d\u00e9sign\u00e9s au 1<sup>er<\/sup> alin\u00e9a ci-dessus est punie d&#8217;une amende de 5.000 \u00e0 20.000 dirhams.<\/p>\n<p>&nbsp;<\/p>\n<ul>\n<li><strong>Article 87\u00a0:<\/strong> Toute personne s&#8217;estimant victime d&#8217;une diffamation, d&#8217;une injure, d&#8217;une atteinte \u00e0 la vie priv\u00e9e ou du droit \u00e0 l&#8217;image, par publication directe ou par voie de reproduction, du moment qu&#8217;il soit identifiable par les expressions utilis\u00e9es par l&#8217;\u00e9crit ou le journal \u00e9lectronique concern\u00e9s y compris les contenus audiovisuels, et qui ait subi de ce fait un pr\u00e9judice peut en r\u00e9clamer r\u00e9paration selon les conditions et les modalit\u00e9s pr\u00e9vues par la l\u00e9gislation en vigueur.<\/li>\n<\/ul>\n<p>&nbsp;<\/p>\n<ul>\n<li><strong>Article 89\u00a0: <\/strong>Constitue une atteinte \u00e0 la vie priv\u00e9e toute imputation \u00e0 une personne, dont l&#8217;identification est rendue possible, d&#8217;all\u00e9gations infond\u00e9es ou divulgation de faits, de photographies ou de vid\u00e9os \u00e0 caract\u00e8re intime de personnes ou en rapport avec leur vie priv\u00e9e, sauf si cette derni\u00e8re a un lien \u00e9troit avec la vie publique ou un impact sur la gestion de la chose publique. Cette atteinte \u00e0 la vie priv\u00e9e est punie de la sanction pr\u00e9vue au 2<sup>\u00e8me<\/sup> alin\u00e9a de l&#8217;article 85 ci-dessus relative \u00e0 l&#8217;injure, si la publication est faite sans l&#8217;accord ant\u00e9rieur ou le consentement pr\u00e9alable de la personne int\u00e9ress\u00e9e.<\/li>\n<\/ul>\n<p>Elle est passible de la peine pr\u00e9vue au 1<sup>er<\/sup> alin\u00e9a de l&#8217;article 85 ci-dessus relatif \u00e0 la diffamation, toute publication se faisant en absence de l&#8217;accord et du consentement pr\u00e9alables en vue de porter atteinte \u00e0 la vie priv\u00e9e des personnes et de les diffamer. Le droit \u00e0 l&#8217;indemnisation pr\u00e9vu \u00e0 l&#8217;article 8 ci-dessus est maintenu.<\/p>\n<p>&nbsp;<\/p>\n<ul>\n<li><strong>Article 90\u00a0: <\/strong>Le consentement est pr\u00e9sum\u00e9 si les informations vis\u00e9es \u00e0 l&#8217;article 89 ci-dessus sont divulgu\u00e9es par la personne elle-m\u00eame ou si elles ont \u00e9t\u00e9 publi\u00e9es auparavant, ou port\u00e9es \u00e0 la connaissance du public de mani\u00e8re l\u00e9gale.<\/li>\n<\/ul>\n<p>&nbsp;<\/p>\n<ul>\n<li><strong>Article 91\u00a0:<\/strong> Le tribunal prend en consid\u00e9ration dans l&#8217;\u00e9valuation de la r\u00e9paration du pr\u00e9judice moral et mat\u00e9riel subi par une personne, du fait de l&#8217;atteinte \u00e0 sa vie priv\u00e9e ou \u00e0 son droit \u00e0 l&#8217;image ou de la diffamation ou l&#8217;injure, ce qui suit :<\/li>\n<\/ul>\n<p>&#8211; Dans quelle mesure la mauvaise foi est \u00e9tablie ;<\/p>\n<p>&#8211; Les circonstances de commission de l&#8217;acte pr\u00e9judiciable ;<\/p>\n<p>&#8211; Les \u00e9l\u00e9ments du pr\u00e9judice et son degr\u00e9 ;<\/p>\n<p>-L&#8217;ad\u00e9quation entre l&#8217;indemnisation et le dommage subi conform\u00e9ment aux principes g\u00e9n\u00e9raux et aux expertises \u00e9tablies :<\/p>\n<p>Le chiffre d&#8217;affaires de l&#8217;entreprise de presse.<\/p>\n<p>La bonne foi du journaliste ne serait prise en consid\u00e9ration, dans l&#8217;\u00e9valuation de la r\u00e9paration du pr\u00e9judice qu&#8217;\u00e0 condition qu&#8217;il ait proc\u00e9d\u00e9 \u00e0 l&#8217;investigation et l&#8217;enqu\u00eate et que la publication ne soit pas motiv\u00e9e par un int\u00e9r\u00eat personnel mais par l&#8217;int\u00e9r\u00eat g\u00e9n\u00e9ral et que l&#8217;avis de la partie concern\u00e9e de la diffamation, de l&#8217;injure, et de l&#8217;atteinte \u00e0 la vie priv\u00e9e et au droit \u00e0 l&#8217;image soit pris en consid\u00e9ration.<\/p>\n<p>&nbsp;<\/p>\n<p><span style=\"color: #3366ff;\"><strong>Dahir n\u00b0 1-18-15 du 5 joumada II 1439 (22 f\u00e9vrier 2018) portant promulgation de la loi n\u00b0 31-13 relative au droit d\u2019acc\u00e8s \u00e0 l\u2019information\u00a0:<\/strong><\/span><\/p>\n<ul>\n<li><strong>Article premier\u00a0:<\/strong> Conform\u00e9ment aux dispositions de la Constitution, notamment son article 27, la pr\u00e9sente la loi fixe le champ d\u2019application du droit d\u2019acc\u00e8s \u00e0 l\u2019information d\u00e9tenue par les administrations publiques, les institutions \u00e9lues et les organismes investis de mission de service public, ainsi que les conditions et les modalit\u00e9s d\u2019exercice de ce droit.<\/li>\n<\/ul>\n<p>&nbsp;<\/p>\n<ul>\n<li><strong>Article 2\u00a0:<\/strong> Au sens de la pr\u00e9sente loi, on entend par\u00a0:<\/li>\n<\/ul>\n<ol>\n<li>L\u2019information\u00a0: les donn\u00e9es et statistiques exprim\u00e9es sous forme de chiffres, de lettres, de dessins, d\u2019images d\u2019enregistrement audiovisuel, ou toute autre forme contenues dans des documents, pi\u00e8ces, rapports, \u00e9tudes, d\u00e9cisions, p\u00e9riodiques, circulaires, notes, bases de donn\u00e9es et autres documents \u00e0 caract\u00e8re g\u00e9n\u00e9ral, produits ou re\u00e7us par les institutions ou les organismes concern\u00e9s dans le cadre des missions de service public, quel que soit le support, papier, \u00e9lectronique ou autre.<\/li>\n<li>Les institutions et les organismes concern\u00e9s sont\u00a0:<\/li>\n<\/ol>\n<ul style=\"list-style-type: square;\">\n<li>la Chambre des repr\u00e9sentants\u00a0;<\/li>\n<li>la Chambre des conseillers\u00a0;<\/li>\n<li>les administrations publiques\u00a0;<\/li>\n<li>les tribunaux\u00a0;<\/li>\n<li>les collectivit\u00e9s territoriales\u00a0; les \u00e9tablissements publics et toute personne morale de droit public\u00a0;<\/li>\n<li>tout autre institution ou organisme de droit public ou priv\u00e9 investi de mission de service public\u00a0;<\/li>\n<li>les institutions et les instances pr\u00e9vues au Titre XII de la Constitution.<\/li>\n<\/ul>\n<p>&nbsp;<\/p>\n<ul>\n<li><strong>Article 7\u00a0:<\/strong> En vue de pr\u00e9server les int\u00e9r\u00eats sup\u00e9rieurs de la Patrie et conform\u00e9ment aux dispositions du deuxi\u00e8me paragraphe de l\u2019article 27 de la Constitution et sous r\u00e9serve des d\u00e9lais pr\u00e9vus aux articles 16 et 17 de la loi n\u00b0 69-99 relative aux archives, font objet d\u2019exception au droit d\u2019acc\u00e8s \u00e0 l\u2019information toutes les informations relatives \u00e0 la d\u00e9fense nationale, \u00e0 la s\u00e9curit\u00e9 int\u00e9rieure et ext\u00e9rieure de l\u2019Etat, \u00e0 la vie priv\u00e9e des personnes ou celles ayant le caract\u00e8re de donn\u00e9es personnelles ainsi que les informations dont la divulgation est susceptibles de porter atteinte aux libert\u00e9s et droits fondamentaux pr\u00e9vus par la Constitution et \u00e0 la protection des sources des informations. [\u2026]<\/li>\n<\/ul>\n<p>&nbsp;<\/p>\n<p><span style=\"color: #3366ff;\"><strong>Circulaire du ministre de la Sant\u00e9 n\u00b0 58 du 27 novembre 2018 relative \u00e0 la diffusion des images, des vid\u00e9os et des documents pris au sein des \u00e9tablissements hospitaliers.<\/strong><\/span><\/p>\n","protected":false},"excerpt":{"rendered":"<p>Le service de la communication est charg\u00e9 de g\u00e9rer l\u2019ensemble des demandes de la presse. Il organise, par ailleurs, \u00e0 la demande de la direction g\u00e9n\u00e9rale ou des \u00e9quipes m\u00e9dicales du CHUIR, des points de presse \u00e0 l\u2019attention des journalistes sur l\u2019actualit\u00e9 m\u00e9dicale ou \u00e9v\u00e9nements, tels qu\u2019inauguration, innovations, colloques m\u00e9dicaux\u2026 &nbsp; R\u00e8gles et textes de [&hellip;]<\/p>\n","protected":false},"author":1,"featured_media":2241,"parent":0,"menu_order":0,"comment_status":"closed","ping_status":"closed","template":"standard.php","meta":{"footnotes":""},"class_list":["post-1958","page","type-page","status-publish","has-post-thumbnail","hentry"],"new_scheduled_revision":"","save_as_revision":"","_links":{"self":[{"href":"https:\/\/chuibnrochd.ma\/index.php?rest_route=\/wp\/v2\/pages\/1958","targetHints":{"allow":["GET"]}}],"collection":[{"href":"https:\/\/chuibnrochd.ma\/index.php?rest_route=\/wp\/v2\/pages"}],"about":[{"href":"https:\/\/chuibnrochd.ma\/index.php?rest_route=\/wp\/v2\/types\/page"}],"author":[{"embeddable":true,"href":"https:\/\/chuibnrochd.ma\/index.php?rest_route=\/wp\/v2\/users\/1"}],"replies":[{"embeddable":true,"href":"https:\/\/chuibnrochd.ma\/index.php?rest_route=%2Fwp%2Fv2%2Fcomments&post=1958"}],"version-history":[{"count":19,"href":"https:\/\/chuibnrochd.ma\/index.php?rest_route=\/wp\/v2\/pages\/1958\/revisions"}],"predecessor-version":[{"id":2294,"href":"https:\/\/chuibnrochd.ma\/index.php?rest_route=\/wp\/v2\/pages\/1958\/revisions\/2294"}],"wp:featuredmedia":[{"embeddable":true,"href":"https:\/\/chuibnrochd.ma\/index.php?rest_route=\/wp\/v2\/media\/2241"}],"wp:attachment":[{"href":"https:\/\/chuibnrochd.ma\/index.php?rest_route=%2Fwp%2Fv2%2Fmedia&parent=1958"}],"curies":[{"name":"wp","href":"https:\/\/api.w.org\/{rel}","templated":true}]}}