{"id":2132,"date":"2020-12-24T12:37:06","date_gmt":"2020-12-24T11:37:06","guid":{"rendered":"http:\/\/server10.servermdz.pro\/chu\/?page_id=2132"},"modified":"2025-05-05T12:11:25","modified_gmt":"2025-05-05T10:11:25","slug":"hospitalisation","status":"publish","type":"page","link":"https:\/\/chuibnrochd.ma\/?page_id=2132","title":{"rendered":"Hospitalisation(Admission\/S\u00e9jour\/Sortie)"},"content":{"rendered":"<p><a href=\"http:\/\/server10.servermdz.pro\/chu\/wp-content\/uploads\/2020\/12\/sejour.pdf\">S\u00e9jour<\/a><\/p>\n<p style=\"text-align: center;\"><span style=\"font-size: 23px; color: #b35e00;\"><strong>Bienvenue dans les h\u00f4pitaux du Centre Hospitalier Universitaire Ibn Rochd.<\/strong><\/span><\/p>\n<p style=\"text-align: center;\"><span style=\"font-size: 23px; color: #b35e00;\"><strong>Vous trouvez dans cette rubrique les informations relatives \u00e0 votre hospitalisation<\/strong><\/span><\/p>\n<p>&nbsp;<\/p>\n<p>L\u2019hospitalisation prend deux formes\u00a0:<\/p>\n<p><span style=\"color: #d47000; font-size: 19px;\"><strong>Hospitalisation classique (programm\u00e9e ou urgente)<\/strong><\/span><\/p>\n<div style=\"margin: 10px 0 0 30px;\">\n<ul>\n<li>Il s&#8217;agit d&#8217;un s\u00e9jour &#8220;classique&#8221; \u00e0 l&#8217;h\u00f4pital o\u00f9 le patient s\u00e9journe \u00e0\u00a0temps complet\u00a0(nuit et jour, la semaine et le week-end). Il y reste le temps n\u00e9cessaire \u00e0 sa prise en charge m\u00e9dicale.<\/li>\n<\/ul>\n<\/div>\n<p><span style=\"color: #d47000; font-size: 19px;\"><strong>Hospitalisation en h\u00f4pital de jour (ambulatoire)<\/strong><\/span><\/p>\n<div style=\"margin: 10px 0 0 30px;\">\n<ul>\n<li>Ce mode de soins est caract\u00e9ris\u00e9 par une admission, une prise en charge et une sortie dans la m\u00eame journ\u00e9e.\u00a0Ce type d&#8217;hospitalisation n&#8217;entra\u00eene donc aucun h\u00e9bergement.<\/li>\n<\/ul>\n<p>NB: Les formalit\u00e9s administratives pour l\u2019hospitalisation classique et l\u2019h\u00f4pital de jour sont les m\u00eames. N\u00e9anmoins, les d\u00e9marches diff\u00e8rent entre l\u2019hospitalisation programm\u00e9e et celle par voie des\u00a0 urgences.<\/p>\n<p>&nbsp;<\/p>\n<\/div>\n","protected":false},"excerpt":{"rendered":"<p>S\u00e9jour Bienvenue dans les h\u00f4pitaux du Centre Hospitalier Universitaire Ibn Rochd. Vous trouvez dans cette rubrique les informations relatives \u00e0 votre hospitalisation &nbsp; L\u2019hospitalisation prend deux formes\u00a0: Hospitalisation classique (programm\u00e9e ou urgente) Il s&#8217;agit d&#8217;un s\u00e9jour &#8220;classique&#8221; \u00e0 l&#8217;h\u00f4pital o\u00f9 le patient s\u00e9journe \u00e0\u00a0temps complet\u00a0(nuit et jour, la semaine et le week-end). Il y reste [&hellip;]<\/p>\n","protected":false},"author":1,"featured_media":0,"parent":0,"menu_order":0,"comment_status":"closed","ping_status":"closed","template":"hospitalisation.php","meta":{"footnotes":""},"class_list":["post-2132","page","type-page","status-publish","hentry"],"new_scheduled_revision":"","save_as_revision":"","_links":{"self":[{"href":"https:\/\/chuibnrochd.ma\/index.php?rest_route=\/wp\/v2\/pages\/2132","targetHints":{"allow":["GET"]}}],"collection":[{"href":"https:\/\/chuibnrochd.ma\/index.php?rest_route=\/wp\/v2\/pages"}],"about":[{"href":"https:\/\/chuibnrochd.ma\/index.php?rest_route=\/wp\/v2\/types\/page"}],"author":[{"embeddable":true,"href":"https:\/\/chuibnrochd.ma\/index.php?rest_route=\/wp\/v2\/users\/1"}],"replies":[{"embeddable":true,"href":"https:\/\/chuibnrochd.ma\/index.php?rest_route=%2Fwp%2Fv2%2Fcomments&post=2132"}],"version-history":[{"count":11,"href":"https:\/\/chuibnrochd.ma\/index.php?rest_route=\/wp\/v2\/pages\/2132\/revisions"}],"predecessor-version":[{"id":3665,"href":"https:\/\/chuibnrochd.ma\/index.php?rest_route=\/wp\/v2\/pages\/2132\/revisions\/3665"}],"wp:attachment":[{"href":"https:\/\/chuibnrochd.ma\/index.php?rest_route=%2Fwp%2Fv2%2Fmedia&parent=2132"}],"curies":[{"name":"wp","href":"https:\/\/api.w.org\/{rel}","templated":true}]}}