{"id":38,"date":"2019-06-13T17:24:46","date_gmt":"2019-06-13T15:24:46","guid":{"rendered":"http:\/\/server10.servermdz.pro\/chu\/?page_id=38"},"modified":"2020-12-16T12:02:42","modified_gmt":"2020-12-16T11:02:42","slug":"histoire-du-chuir","status":"publish","type":"page","link":"https:\/\/chuibnrochd.ma\/?page_id=38","title":{"rendered":"Histoire du CHUIR"},"content":{"rendered":"<p>Le CHUIR a \u00e9t\u00e9 cr\u00e9\u00e9 \u00e0 partir des h\u00f4pitaux Maurice Gaud, Jules Colombani et l&#8217;h\u00f4pital militaire Jean Vial qui a \u00e9t\u00e9 construit au cours des ann\u00e9es trente.<\/p>\n<p>En 1956, l&#8217;h\u00f4pital militaire prend le nom de <strong>l&#8217;H\u00f4pital 20 Ao\u00fbt 1953<\/strong>, les H\u00f4pitaux Maurice Gaud et Jules Colombani ont \u00e9t\u00e9 fusionn\u00e9s sous le nom de <strong>l&#8217;H\u00f4pital Ibn Rochd<\/strong>.<\/p>\n<p>En 1975, date de la cr\u00e9ation de la Facult\u00e9 de M\u00e9decine de Casablanca, ces formations furent int\u00e9gr\u00e9es dans le cadre du <strong>Centre Hospitalier Universitaire Ibn Rochd<\/strong>.<\/p>\n<p>Par ailleurs, les locaux de l\u2019H\u00f4pital d\u2019enfants, de m\u00eame que le b\u00e2timent des laboratoires d\u2019analyses m\u00e9dicales biologiques et celui de l\u2019anatomie pathologique furent construits en 1979.<\/p>\n<p>Quant au Centre de Consultations et de Traitements Dentaires, il a \u00e9t\u00e9 rattach\u00e9 au CHUIR en 1981, ann\u00e9e de l\u2019ouverture de la Facult\u00e9 de M\u00e9decine Dentaire de Casablanca.<\/p>\n<p>Depuis 1983, le Centre Hospitalier Universitaire Ibn Rochd est \u00e9rig\u00e9 en \u00e9tablissement public, \u00e0 caract\u00e8re administratif, dot\u00e9 de la personnalit\u00e9 morale et de l\u2019autonomie financi\u00e8re.<\/p>\n<p>En septembre 2011, l\u2019h\u00f4pital d\u2019Enfants a \u00e9t\u00e9 baptis\u00e9\u00a0 h\u00f4pital d\u2019Enfants Abderrahim Harouchi, en hommage pour l\u2019\u0153uvre de cet \u00e9minent chirurgien-p\u00e9diatre, qui a \u00e9t\u00e9 \u00e9galement son M\u00e9decin Directeur dans les ann\u00e9es quatre-vingts.<\/p>\n<p>En 2016, suite au transfert du service de la maternit\u00e9 de l\u2019H\u00f4pital Ibn Rochd \u00e0 une nouvelle structure au sein de l\u2019H\u00f4pital d\u2019Enfants, inaugur\u00e9e par Sa Majest\u00e9 le Roi Mohammed VI, que Dieu l\u2019Assiste, et la cr\u00e9ation du p\u00f4le M\u00e8re-enfant, cette structure a \u00e9t\u00e9 rebaptis\u00e9e <strong>H\u00f4pital M\u00e8re-Enfant Abderrahim Harouchi.<\/strong><\/p>\n","protected":false},"excerpt":{"rendered":"<p>Le CHUIR a \u00e9t\u00e9 cr\u00e9\u00e9 \u00e0 partir des h\u00f4pitaux Maurice Gaud, Jules Colombani et l&#8217;h\u00f4pital militaire Jean Vial qui a \u00e9t\u00e9 construit au cours des ann\u00e9es trente. En 1956, l&#8217;h\u00f4pital militaire prend le nom de l&#8217;H\u00f4pital 20 Ao\u00fbt 1953, les H\u00f4pitaux Maurice Gaud et Jules Colombani ont \u00e9t\u00e9 fusionn\u00e9s sous le nom de l&#8217;H\u00f4pital Ibn [&hellip;]<\/p>\n","protected":false},"author":1,"featured_media":0,"parent":0,"menu_order":0,"comment_status":"closed","ping_status":"closed","template":"histoire-page.php","meta":{"footnotes":""},"class_list":["post-38","page","type-page","status-publish","hentry"],"new_scheduled_revision":"","save_as_revision":"","_links":{"self":[{"href":"https:\/\/chuibnrochd.ma\/index.php?rest_route=\/wp\/v2\/pages\/38","targetHints":{"allow":["GET"]}}],"collection":[{"href":"https:\/\/chuibnrochd.ma\/index.php?rest_route=\/wp\/v2\/pages"}],"about":[{"href":"https:\/\/chuibnrochd.ma\/index.php?rest_route=\/wp\/v2\/types\/page"}],"author":[{"embeddable":true,"href":"https:\/\/chuibnrochd.ma\/index.php?rest_route=\/wp\/v2\/users\/1"}],"replies":[{"embeddable":true,"href":"https:\/\/chuibnrochd.ma\/index.php?rest_route=%2Fwp%2Fv2%2Fcomments&post=38"}],"version-history":[{"count":35,"href":"https:\/\/chuibnrochd.ma\/index.php?rest_route=\/wp\/v2\/pages\/38\/revisions"}],"predecessor-version":[{"id":2077,"href":"https:\/\/chuibnrochd.ma\/index.php?rest_route=\/wp\/v2\/pages\/38\/revisions\/2077"}],"wp:attachment":[{"href":"https:\/\/chuibnrochd.ma\/index.php?rest_route=%2Fwp%2Fv2%2Fmedia&parent=38"}],"curies":[{"name":"wp","href":"https:\/\/api.w.org\/{rel}","templated":true}]}}