{"id":62,"date":"2019-06-13T20:24:29","date_gmt":"2019-06-13T18:24:29","guid":{"rendered":"http:\/\/server10.servermdz.pro\/chu\/?page_id=62"},"modified":"2020-11-16T15:22:45","modified_gmt":"2020-11-16T14:22:45","slug":"missions-et-statut-du-chuir","status":"publish","type":"page","link":"https:\/\/chuibnrochd.ma\/?page_id=62","title":{"rendered":"Missions du CHUIR"},"content":{"rendered":"<p>Le\u00a0Centre Hospitalier Universitaire Ibn Rochd\u00a0(CHUIR) est un \u00e9tablissement de soins de recours dans la r\u00e9gion Casablanca &#8211; Settat.<\/p>\n<p>Le CHUIR contribue \u00e0 la mise en \u0153uvre de la politique de l\u2019Etat en mati\u00e8re de soins, de sant\u00e9 publique, de formation m\u00e9dicale, odontologique, pharmaceutique, ainsi qu\u2019en mati\u00e8re de recherche, d\u2019expertise et d\u2019innovation. En tant qu\u2019\u00e9tablissement public de production de soins et de services de niveau tertiaire, le CHUIR remplit quatre missions\u00a0conform\u00e9ment aux dispositions de la loi 70-13 r\u00e9gissant les CHU, promulgu\u00e9e par Dahir n\u00b01-16-62 du 17 Chaabane 1437 (24 mai 2016)\u00a0:<\/p>\n","protected":false},"excerpt":{"rendered":"<p>Le\u00a0Centre Hospitalier Universitaire Ibn Rochd\u00a0(CHUIR) est un \u00e9tablissement de soins de recours dans la r\u00e9gion Casablanca &#8211; Settat. Le CHUIR contribue \u00e0 la mise en \u0153uvre de la politique de l\u2019Etat en mati\u00e8re de soins, de sant\u00e9 publique, de formation m\u00e9dicale, odontologique, pharmaceutique, ainsi qu\u2019en mati\u00e8re de recherche, d\u2019expertise et d\u2019innovation. En tant qu\u2019\u00e9tablissement public [&hellip;]<\/p>\n","protected":false},"author":1,"featured_media":0,"parent":0,"menu_order":0,"comment_status":"closed","ping_status":"closed","template":"mission-page.php","meta":{"footnotes":""},"class_list":["post-62","page","type-page","status-publish","hentry"],"new_scheduled_revision":"","save_as_revision":"","_links":{"self":[{"href":"https:\/\/chuibnrochd.ma\/index.php?rest_route=\/wp\/v2\/pages\/62","targetHints":{"allow":["GET"]}}],"collection":[{"href":"https:\/\/chuibnrochd.ma\/index.php?rest_route=\/wp\/v2\/pages"}],"about":[{"href":"https:\/\/chuibnrochd.ma\/index.php?rest_route=\/wp\/v2\/types\/page"}],"author":[{"embeddable":true,"href":"https:\/\/chuibnrochd.ma\/index.php?rest_route=\/wp\/v2\/users\/1"}],"replies":[{"embeddable":true,"href":"https:\/\/chuibnrochd.ma\/index.php?rest_route=%2Fwp%2Fv2%2Fcomments&post=62"}],"version-history":[{"count":76,"href":"https:\/\/chuibnrochd.ma\/index.php?rest_route=\/wp\/v2\/pages\/62\/revisions"}],"predecessor-version":[{"id":1867,"href":"https:\/\/chuibnrochd.ma\/index.php?rest_route=\/wp\/v2\/pages\/62\/revisions\/1867"}],"wp:attachment":[{"href":"https:\/\/chuibnrochd.ma\/index.php?rest_route=%2Fwp%2Fv2%2Fmedia&parent=62"}],"curies":[{"name":"wp","href":"https:\/\/api.w.org\/{rel}","templated":true}]}}