{"id":886,"date":"2020-06-30T17:02:11","date_gmt":"2020-06-30T15:02:11","guid":{"rendered":"http:\/\/server10.servermdz.pro\/chu\/?page_id=886"},"modified":"2020-12-08T09:13:50","modified_gmt":"2020-12-08T08:13:50","slug":"mot-du-directeur","status":"publish","type":"page","link":"https:\/\/chuibnrochd.ma\/?page_id=886","title":{"rendered":"Mot du directeur"},"content":{"rendered":"<div>\n<p><strong>Cher visiteur,<\/strong><\/p>\n<p>&nbsp;<\/p>\n<p>J\u2019ai le plaisir de vous souhaiter la bienvenue sur le nouveau site Web du\u00a0Centre Hospitalier Universitaire Ibn Rochd (CHUIR), destin\u00e9 \u00e0 r\u00e9pondre aux besoins des professionnels de sant\u00e9, des patients, des usagers, des partenaires et du public, afin\u00a0de garantir la facilit\u00e9 et l\u2019efficacit\u00e9 de l\u2019information.<\/p>\n<p>&nbsp;<\/p>\n<p>Sa refonte\u00a0s\u2019inscrit\u00a0dans une vision strat\u00e9gique du\u00a0CHUIR\u00a0qui tend \u00e0\u00a0s\u2019ouvrir\u00a0davantage sur son environnement, \u00e0 travers le d\u00e9veloppement\u00a0d\u2019un\u00a0outil informatif sur\u00a0l\u2019organisation, le fonctionnement et les activit\u00e9s du\u00a0CHUIR.\u00a0L\u2019efficience d\u2019un centre hospitalier universitaire passe aussi par ses capacit\u00e9s de communication aussi bien en interne\u00a0qu\u2019en\u00a0externe.<\/p>\n<p>&nbsp;<\/p>\n<p>Le CHUIR est l\u2019\u00e9tablissement de recours r\u00e9gional et national et son statut universitaire lui permet d\u2019offrir des prestations hautement sp\u00e9cialis\u00e9es, propres aux \u00e9tablissements hospitalo-universitaires, 7 jours sur\u00a07 et 24h sur 24. Dans le cadre de la gestion gradu\u00e9e des soins, nous travaillons en concertation avec l\u2019ensemble des \u00e9tablissements hospitaliers de la r\u00e9gion de Casablanca-Settat, de la zone de desserte et des autres r\u00e9gions du Royaume du Maroc pour assurer\u00a0aux citoyens une meilleure prise en charge de niveau tertiaire.<\/p>\n<p>&nbsp;<\/p>\n<p>Notre ambition est de d\u00e9velopper encore davantage l\u2019accueil, de moderniser sans cesse les \u00e9quipements et les structures des h\u00f4pitaux relevant du CHUIR, et d\u2019am\u00e9liorer les modalit\u00e9s de prise en charge des patients en leur faisant profiter de l\u2019expertise, du savoir-faire et des techniques innovantes de nos \u00e9quipes m\u00e9dicales. Nous sommes, \u00e9galement, tr\u00e8s attentifs \u00e0 vous faire b\u00e9n\u00e9ficier de soins et de services de qualit\u00e9, adapt\u00e9s \u00e0 vos besoins.<\/p>\n<p>&nbsp;<\/p>\n<p>Nous \u0153uvrons pour dynamiser et faciliter notre relation avec nos usagers, et souhaitons\u00a0que ce site internet r\u00e9ponde \u00e0 leurs besoins et leurs attentes.<\/p>\n<p>&nbsp;<\/p>\n<p>Nous restons \u00e0 l\u2019\u00e9coute de vos suggestions d\u2019am\u00e9lioration de cette approche.<\/p>\n<\/div>\n","protected":false},"excerpt":{"rendered":"<p>Cher visiteur, &nbsp; J\u2019ai le plaisir de vous souhaiter la bienvenue sur le nouveau site Web du\u00a0Centre Hospitalier Universitaire Ibn Rochd (CHUIR), destin\u00e9 \u00e0 r\u00e9pondre aux besoins des professionnels de sant\u00e9, des patients, des usagers, des partenaires et du public, afin\u00a0de garantir la facilit\u00e9 et l\u2019efficacit\u00e9 de l\u2019information. &nbsp; Sa refonte\u00a0s\u2019inscrit\u00a0dans une vision strat\u00e9gique du\u00a0CHUIR\u00a0qui [&hellip;]<\/p>\n","protected":false},"author":1,"featured_media":2048,"parent":0,"menu_order":0,"comment_status":"closed","ping_status":"closed","template":"mot-directeur.php","meta":{"footnotes":""},"class_list":["post-886","page","type-page","status-publish","has-post-thumbnail","hentry"],"new_scheduled_revision":"","save_as_revision":"","_links":{"self":[{"href":"https:\/\/chuibnrochd.ma\/index.php?rest_route=\/wp\/v2\/pages\/886","targetHints":{"allow":["GET"]}}],"collection":[{"href":"https:\/\/chuibnrochd.ma\/index.php?rest_route=\/wp\/v2\/pages"}],"about":[{"href":"https:\/\/chuibnrochd.ma\/index.php?rest_route=\/wp\/v2\/types\/page"}],"author":[{"embeddable":true,"href":"https:\/\/chuibnrochd.ma\/index.php?rest_route=\/wp\/v2\/users\/1"}],"replies":[{"embeddable":true,"href":"https:\/\/chuibnrochd.ma\/index.php?rest_route=%2Fwp%2Fv2%2Fcomments&post=886"}],"version-history":[{"count":54,"href":"https:\/\/chuibnrochd.ma\/index.php?rest_route=\/wp\/v2\/pages\/886\/revisions"}],"predecessor-version":[{"id":2060,"href":"https:\/\/chuibnrochd.ma\/index.php?rest_route=\/wp\/v2\/pages\/886\/revisions\/2060"}],"wp:featuredmedia":[{"embeddable":true,"href":"https:\/\/chuibnrochd.ma\/index.php?rest_route=\/wp\/v2\/media\/2048"}],"wp:attachment":[{"href":"https:\/\/chuibnrochd.ma\/index.php?rest_route=%2Fwp%2Fv2%2Fmedia&parent=886"}],"curies":[{"name":"wp","href":"https:\/\/api.w.org\/{rel}","templated":true}]}}