{"id":973,"date":"2020-07-28T11:30:20","date_gmt":"2020-07-28T09:30:20","guid":{"rendered":"http:\/\/server10.servermdz.pro\/chu\/?page_id=973"},"modified":"2020-11-16T16:48:08","modified_gmt":"2020-11-16T15:48:08","slug":"peh","status":"publish","type":"page","link":"https:\/\/chuibnrochd.ma\/?page_id=973","title":{"rendered":"Projet d&#8217;Etablissement Hospitalier"},"content":{"rendered":"<p><span style=\"font-size: 22px;\"><strong><span style=\"color: #3366ff;\">PROJET D\u2019ETABLISSEMENT HOSPITALIER 2019 &#8211; 2023<\/span><\/strong><\/span><\/p>\n<p>Centr\u00e9 sur le patient, le PEH 2019-2023 dont l\u2019ambition est de relever les grands d\u00e9fis en mati\u00e8re de soins, formation, recherche, expertise, innovation et sant\u00e9 publique, s\u2019inscrit aussi dans la vision du CHUIR qui \u00a0tend \u00e0 renforcer son ouverture sur son environnement et \u00e0 consolider, gr\u00e2ce \u00e0 une gouvernance innovante, son positionnement au niveau du syst\u00e8me de sant\u00e9 par l\u2019excellence en offre de soins et la performance en formation et recherche.<\/p>\n<p>De ce fait, le CHUIR cherche \u00e0 assurer en permanence la r\u00e9g\u00e9n\u00e9ration et le transfert des connaissances aux professionnels, pour \u00eatre au diapason de la nouvelle technologie m\u00e9dicale et garantir les meilleures prestations aux patients dans le strict respect des valeurs\u00a0\u00a0 port\u00e9es au quotidien par ses \u00e9quipes\u00a0: la responsabilit\u00e9, la qualit\u00e9, la performance, l\u2019efficience et l\u2019excellence. Produit d\u2019une large r\u00e9flexion multi-professionnelle, associant tous les professionnels et mettant en valeur la compl\u00e9mentarit\u00e9, la synergie et la diversit\u00e9 des comp\u00e9tences, le CHUIR et ses professionnels se mobilisent pour faire \u00e9voluer l\u2019\u00e9tablissement et l\u2019adapter aux enjeux de la m\u00e9decine de demain.<\/p>\n<p>.<\/p>\n","protected":false},"excerpt":{"rendered":"<p>PROJET D\u2019ETABLISSEMENT HOSPITALIER 2019 &#8211; 2023 Centr\u00e9 sur le patient, le PEH 2019-2023 dont l\u2019ambition est de relever les grands d\u00e9fis en mati\u00e8re de soins, formation, recherche, expertise, innovation et sant\u00e9 publique, s\u2019inscrit aussi dans la vision du CHUIR qui \u00a0tend \u00e0 renforcer son ouverture sur son environnement et \u00e0 consolider, gr\u00e2ce \u00e0 une gouvernance [&hellip;]<\/p>\n","protected":false},"author":1,"featured_media":1147,"parent":0,"menu_order":0,"comment_status":"closed","ping_status":"closed","template":"peh.php","meta":{"footnotes":""},"class_list":["post-973","page","type-page","status-publish","has-post-thumbnail","hentry"],"new_scheduled_revision":"","save_as_revision":"","_links":{"self":[{"href":"https:\/\/chuibnrochd.ma\/index.php?rest_route=\/wp\/v2\/pages\/973","targetHints":{"allow":["GET"]}}],"collection":[{"href":"https:\/\/chuibnrochd.ma\/index.php?rest_route=\/wp\/v2\/pages"}],"about":[{"href":"https:\/\/chuibnrochd.ma\/index.php?rest_route=\/wp\/v2\/types\/page"}],"author":[{"embeddable":true,"href":"https:\/\/chuibnrochd.ma\/index.php?rest_route=\/wp\/v2\/users\/1"}],"replies":[{"embeddable":true,"href":"https:\/\/chuibnrochd.ma\/index.php?rest_route=%2Fwp%2Fv2%2Fcomments&post=973"}],"version-history":[{"count":28,"href":"https:\/\/chuibnrochd.ma\/index.php?rest_route=\/wp\/v2\/pages\/973\/revisions"}],"predecessor-version":[{"id":1882,"href":"https:\/\/chuibnrochd.ma\/index.php?rest_route=\/wp\/v2\/pages\/973\/revisions\/1882"}],"wp:featuredmedia":[{"embeddable":true,"href":"https:\/\/chuibnrochd.ma\/index.php?rest_route=\/wp\/v2\/media\/1147"}],"wp:attachment":[{"href":"https:\/\/chuibnrochd.ma\/index.php?rest_route=%2Fwp%2Fv2%2Fmedia&parent=973"}],"curies":[{"name":"wp","href":"https:\/\/api.w.org\/{rel}","templated":true}]}}