{"id":975,"date":"2020-07-28T11:32:09","date_gmt":"2020-07-28T09:32:09","guid":{"rendered":"http:\/\/server10.servermdz.pro\/chu\/?page_id=975"},"modified":"2026-02-23T14:45:21","modified_gmt":"2026-02-23T13:45:21","slug":"ressources-humaines","status":"publish","type":"page","link":"https:\/\/chuibnrochd.ma\/?page_id=975","title":{"rendered":"Ressources Humaines"},"content":{"rendered":"<p>&nbsp;<\/p>\n<p style=\"text-align: justify;\">Le CHUIR dispose de moyens humains hautement qualifi\u00e9s\u00a0: des professeurs enseignants, des maitres assistants, des m\u00e9decins sp\u00e9cialistes, des infirmiers et infirmi\u00e8res et techniciens tr\u00e8s qualifi\u00e9s\u2026\u00a0 Il compte au total 3896 personnes dont 269 enseignants, 110 m\u00e9decins sp\u00e9cialistes et g\u00e9n\u00e9ralistes, 761 r\u00e9sidents, 135 internes, 1726 cadres param\u00e9dicaux et 873 agents repr\u00e9sentant les autres cat\u00e9gories du personnel\u00a0: administrateurs, techniciens&#8230;<\/p>\n<p style=\"text-align: justify;\">Le CHUIR proc\u00e8de chaque ann\u00e9e \u00e0 des recrutements de cadres m\u00e9dicaux et param\u00e9dicaux et autres, en fonction des besoins et des postes budg\u00e9taires octroy\u00e9s par l\u2019Etat. Par ailleurs, pour une meilleure gouvernance de ses moyens humains, le CHUIR a opt\u00e9 pour la sous-traitance des activit\u00e9s annexes, comme le gardiennage, le jardinage, le nettoyage, le brancardage et le secr\u00e9tariat m\u00e9dical\u2026 D\u2019autres activit\u00e9s sont en cours de sous-traitance\u00a0: l\u2019activit\u00e9 du Bureau des Admissions et de Facturation (BAF), l\u2019accueil, les aides-soignantes.<\/p>\n<p style=\"text-align: justify;\">Au CHUIR domine un climat de travail de qualit\u00e9 : cette dimension essentielle passe par la qualit\u00e9 du dialogue social et par le respect mutuel entre d\u2019une part la direction et les chefs de services et, d\u2019autre part, les \u00e9lus des cadres m\u00e9dicaux, les professionnels et les partenaires sociaux.<span style=\"font-size: 16px; color: #3366ff;\"><strong>\u00a0<\/strong><\/span><\/p>\n<p>&nbsp;<\/p>\n","protected":false},"excerpt":{"rendered":"<p>&nbsp; Le CHUIR dispose de moyens humains hautement qualifi\u00e9s\u00a0: des professeurs enseignants, des maitres assistants, des m\u00e9decins sp\u00e9cialistes, des infirmiers et infirmi\u00e8res et techniciens tr\u00e8s qualifi\u00e9s\u2026\u00a0 Il compte au total 3896 personnes dont 269 enseignants, 110 m\u00e9decins sp\u00e9cialistes et g\u00e9n\u00e9ralistes, 761 r\u00e9sidents, 135 internes, 1726 cadres param\u00e9dicaux et 873 agents repr\u00e9sentant les autres cat\u00e9gories du [&hellip;]<\/p>\n","protected":false},"author":1,"featured_media":1194,"parent":0,"menu_order":0,"comment_status":"closed","ping_status":"closed","template":"standard-presentation.php","meta":{"footnotes":""},"class_list":["post-975","page","type-page","status-publish","has-post-thumbnail","hentry"],"new_scheduled_revision":"","save_as_revision":"","_links":{"self":[{"href":"https:\/\/chuibnrochd.ma\/index.php?rest_route=\/wp\/v2\/pages\/975","targetHints":{"allow":["GET"]}}],"collection":[{"href":"https:\/\/chuibnrochd.ma\/index.php?rest_route=\/wp\/v2\/pages"}],"about":[{"href":"https:\/\/chuibnrochd.ma\/index.php?rest_route=\/wp\/v2\/types\/page"}],"author":[{"embeddable":true,"href":"https:\/\/chuibnrochd.ma\/index.php?rest_route=\/wp\/v2\/users\/1"}],"replies":[{"embeddable":true,"href":"https:\/\/chuibnrochd.ma\/index.php?rest_route=%2Fwp%2Fv2%2Fcomments&post=975"}],"version-history":[{"count":18,"href":"https:\/\/chuibnrochd.ma\/index.php?rest_route=\/wp\/v2\/pages\/975\/revisions"}],"predecessor-version":[{"id":4165,"href":"https:\/\/chuibnrochd.ma\/index.php?rest_route=\/wp\/v2\/pages\/975\/revisions\/4165"}],"wp:featuredmedia":[{"embeddable":true,"href":"https:\/\/chuibnrochd.ma\/index.php?rest_route=\/wp\/v2\/media\/1194"}],"wp:attachment":[{"href":"https:\/\/chuibnrochd.ma\/index.php?rest_route=%2Fwp%2Fv2%2Fmedia&parent=975"}],"curies":[{"name":"wp","href":"https:\/\/api.w.org\/{rel}","templated":true}]}}