{"id":985,"date":"2020-07-28T11:41:53","date_gmt":"2020-07-28T09:41:53","guid":{"rendered":"http:\/\/server10.servermdz.pro\/chu\/?page_id=985"},"modified":"2025-05-05T12:18:32","modified_gmt":"2025-05-05T10:18:32","slug":"hospitalisationadmission-sejour-sortie","status":"publish","type":"page","link":"https:\/\/chuibnrochd.ma\/?page_id=985","title":{"rendered":"Hospitalisation(Admission\/S\u00e9jour\/Sortie)"},"content":{"rendered":"<p>&nbsp;<\/p>\n<p style=\"text-align: center;\"><span style=\"font-size: 23px; color: #b35e00;\"><strong>Bienvenue dans les h\u00f4pitaux du Centre Hospitalier Universitaire Ibn Rochd.<\/strong><\/span><\/p>\n<p style=\"text-align: center;\"><span style=\"font-size: 23px; color: #b35e00;\"><strong>Vous trouvez dans cette rubrique les informations relatives \u00e0 votre hospitalisation<\/strong><\/span><\/p>\n<p>&nbsp;<\/p>\n<p>L\u2019hospitalisation prend deux formes\u00a0:<\/p>\n<p><span style=\"color: #d47000; font-size: 19px;\"><strong>Hospitalisation classique (programm\u00e9e ou urgente)<\/strong><\/span><\/p>\n<div style=\"margin: 10px 0 0 30px;\">\n<ul>\n<li>Il s&#8217;agit d&#8217;un s\u00e9jour &#8220;classique&#8221; \u00e0 l&#8217;h\u00f4pital o\u00f9 le patient s\u00e9journe \u00e0\u00a0temps complet\u00a0(nuit et jour, la semaine et le week-end). Il y reste le temps n\u00e9cessaire \u00e0 sa prise en charge m\u00e9dicale.<\/li>\n<\/ul>\n<\/div>\n<p><span style=\"color: #d47000; font-size: 19px;\"><strong>Hospitalisation en h\u00f4pital de jour (ambulatoire)<\/strong><\/span><\/p>\n<div style=\"margin: 10px 0 0 30px;\">\n<ul>\n<li>Ce mode de soins est caract\u00e9ris\u00e9 par une admission, une prise en charge et une sortie dans la m\u00eame journ\u00e9e.\u00a0Ce type d&#8217;hospitalisation n&#8217;entra\u00eene donc aucun h\u00e9bergement.<\/li>\n<\/ul>\n<p>NB: Les formalit\u00e9s administratives pour l\u2019hospitalisation classique et l\u2019h\u00f4pital de jour sont les m\u00eames. N\u00e9anmoins, les d\u00e9marches diff\u00e8rent entre l\u2019hospitalisation programm\u00e9e et celle par voie des\u00a0 urgences.<\/p>\n<p>&nbsp;<\/p>\n<\/div>\n<p><span style=\"color: #ff8b08; font-size: 19px;\"><strong>I- Admission et formalit\u00e9s administratives<\/strong><\/span><\/p>\n<p><span style=\"color: #ff6600; font-size: 19px; font-style: italic; font-weight: 100;\"><strong>\u00a0Hospitalisation programm\u00e9e<\/strong><\/span><\/p>\n<div style=\"margin: 10px 0 0 30px;\">\n<ul>\n<li>Dans le cas d\u2019hospitalisation programm\u00e9e, le patient est tenu de se pr\u00e9senter au bureau des entr\u00e9es, le jour de l\u2019hospitalisation, muni des pi\u00e8ces suivantes (selon le mode de r\u00e8glement)\u00a0:<\/li>\n<\/ul>\n<\/div>\n<p><span style=\"color: #da9b54; font-size: 19px; font-style: italic; font-weight: 100;\"><strong>Patients Payants\u00a0:<\/strong><\/span><\/p>\n<div style=\"margin: 10px 0 0 30px;\">\n<ul>\n<li>Une copie (recto\u00a0\/verso) de la CNIE (Celle de l\u2019un des parents ou du tuteur si le patient est mineur)<\/li>\n<li>Une copie du billet d\u2019admission, portant la date du rendez- vous, le cachet du m\u00e9decin et le cachet du service\u00a0d\u2019hospitalisation<\/li>\n<li>Un acompte de 750,00Dhs (caution) \u00e0 d\u00e9duire du montant de la facture totale, arr\u00eat\u00e9 le jour de la sortie<\/li>\n<\/ul>\n<\/div>\n<p><span style=\"color: #da9b54; font-size: 19px; font-style: italic; font-weight: 100;\"><strong>Patients mutualistes\u00a0:<\/strong><\/span><\/p>\n<div style=\"margin: 10px 0 0 30px;\">\n<ul>\n<li>Deux copies (recto et verso) de la carte\u00a0d\u2019adh\u00e9sion \u00e0 l\u2019organisme de mutuelle<\/li>\n<li>Deux copies (recto et verso) de la CNIE (Celle de l\u2019un des parents ou du tuteur, si le patient est mineur)<\/li>\n<li>Une copie du billet d\u2019admission, portant la date du rendez- vous, le cachet du m\u00e9decin et le cachet du service\u00a0d\u2019hospitalisation<\/li>\n<li>La feuille de maladie sign\u00e9e par le m\u00e9decin traitant<\/li>\n<li>Toutes autres pi\u00e8ces exig\u00e9es par certains organismes (note confidentielle, prescription m\u00e9dicale, compte-rendu des explorations\u2026)<\/li>\n<\/ul>\n<\/div>\n<p><span style=\"color: #ff6600; font-size: 19px; font-style: italic; font-weight: 100;\"><strong>Hospitalisation par voie des urgences<\/strong><\/span><\/p>\n<p>Pour l\u2019hospitalisation par voie des urgences, les d\u00e9marches administratives s\u2019effectuent au Bureau d\u2019Admissions du Service d\u2019Accueil des Urgences la nuit, et au Bureau des Entr\u00e9es les jours ouvrables, les week-ends et les jours f\u00e9ri\u00e9s. Dans ce cas, le patient doit pr\u00e9senter\u00a0:<\/p>\n<div style=\"margin: 10px 0 0 30px;\">\n<ul>\n<li>Une copie de la carte SAU<\/li>\n<li>Une Copie de la CNIE (de l\u2019un des parents ou du tuteur, si le patient est mineur)<\/li>\n<\/ul>\n<\/div>\n<p><span style=\"color: #ff6600; font-size: 19px; font-style: italic; font-weight: 100;\"><strong>Notes importantes\u00a0:<\/strong><\/span><\/p>\n<div style=\"margin: 10px 0 0 30px;\">\n<ul>\n<li>Les enfants de moins de cinq ans, atteints de pathologies canc\u00e9reuses, b\u00e9n\u00e9ficient d\u2019une prise en charge totale gratuite<\/li>\n<li>Les patients affili\u00e9s aux divers organismes, conventionn\u00e9s avec le CHUIR, b\u00e9n\u00e9ficient d\u2019une prise en charge totale ou partielle, selon les dispositions des conventions;<\/li>\n<li>Les mutualistes doivent se pr\u00e9senter au bureau de la mutuelle, situ\u00e9 au bureau d&#8217;admission et de facturation(BAF), pour accomplir les formalit\u00e9s administratives<\/li>\n<li>Tout patient admis par voie des urgences, n\u00e9cessitant une hospitalisation, b\u00e9n\u00e9ficie de la prise en charge m\u00e9dicale, sous r\u00e9serve de r\u00e9gulariser ult\u00e9rieurement les frais d\u2019hospitalisation<\/li>\n<\/ul>\n<\/div>\n<p><span style=\"color: #ff8b08; font-size: 19px;\"><strong>II- S\u00e9jour:\u00a0 \u00a0<a href=\"http:\/\/server10.servermdz.pro\/chu\/wp-content\/uploads\/2020\/12\/sejour.pdf\" target=\"_blank\" rel=\"noopener\">informations pour votre s\u00e9jour<\/a><\/strong><\/span><\/p>\n<p><span style=\"color: #ff8b08; font-size: 19px;\"><strong>III- Sortie\u00a0:<\/strong><\/span><\/p>\n<p>La sortie est la phase finale de votre hospitalisation. C\u2019est une d\u00e9cision m\u00e9dicale, prise suite \u00e0 votre r\u00e9tablissement. L\u2019avis favorable du m\u00e9decin est requis pour votre sortie.<\/p>\n<p>Apr\u00e8s avoir re\u00e7u la d\u00e9cision m\u00e9dicale de votre sortie, vous devez vous pr\u00e9senter au Bureau d&#8217;admission et de Facturation (BAF) pour compl\u00e9ter les formalit\u00e9s administratives, proc\u00e9der au r\u00e8glement des frais d\u2019hospitalisation et retirer votre billet de sortie sur lequel vous trouverez les renseignements cliniques concernant votre hospitalisation et la date de la prochaine consultation.\u00a0\u00a0\u00a0\u00a0\u00a0\u00a0\u00a0\u00a0\u00a0\u00a0\u00a0\u00a0\u00a0\u00a0\u00a0\u00a0\u00a0\u00a0\u00a0\u00a0\u00a0\u00a0\u00a0\u00a0\u00a0\u00a0\u00a0\u00a0\u00a0\u00a0\u00a0\u00a0\u00a0 \u00a0<\/p>\n<p>Les frais d\u2019hospitalisation concernent l\u2019ensemble des prestations assur\u00e9es par l\u2019h\u00f4pital au cours de votre hospitalisation (s\u00e9jour, interventions chirurgicales, produits sanguins, proth\u00e8ses\u2026). Ils sont calcul\u00e9s selon la tarification nationale.<\/p>\n<p>&nbsp;<\/p>\n<p><span style=\"color: #da9b54; font-size: 19px; font-weight: 100;\"><strong><span style=\"color: #ff8b08; font-size: 19px;\">Le r\u00e8glement des frais d\u2019hospitalisation concerne\u00a0:<\/span><\/strong><\/span><\/p>\n<p><span style=\"color: #da9b54; font-size: 19px; font-style: italic; font-weight: 100;\"><strong>Les payants<\/strong><\/span><\/p>\n<div style=\"margin: 10px 0 0 30px;\">\n<ul>\n<li>Les admis par la voie des urgences et ne disposant \u00a0d\u2019aucune couverture m\u00e9dicale, doivent s\u2019acquitter de la totalit\u00e9 des frais d\u2019hospitalisation..<\/li>\n<\/ul>\n<\/div>\n<p><span style=\"color: #da9b54; font-size: 19px; font-style: italic; font-weight: 100;\"><strong>Les mutualistes<\/strong><\/span><\/p>\n<p>Les mutualistes doivent fournir les pi\u00e8ces suivantes\u00a0:\u00a0<\/p>\n<div style=\"margin: 10px 0 0 30px;\">\n<ul>\n<li>La feuille de maladie cachet\u00e9e et sign\u00e9e par le m\u00e9decin traitant<\/li>\n<li>Les comptes rendus des diff\u00e9rentes prestations (compte rendu op\u00e9ratoire, compte rendu d\u2019hospitalisation, compte rendu des examens compl\u00e9mentaires\u2026)<\/li>\n<\/ul>\n<\/div>\n<p>Les patients affili\u00e9s \u00e0 la CNOPS et \u00e0 la Mutuelle des FAR b\u00e9n\u00e9ficient d\u2019une prise en charge globale. Quant aux affili\u00e9s \u00e0 la CNSS, ils doivent payer le ticket mod\u00e9rateur de 30% de la facture totale.<\/p>\n<p><span style=\"color: #000000;\">NB: Les patients ayant d\u00e9pos\u00e9 la caution de 750 dhs, le r\u00e8glement de leurs factures se fait au niveau des R\u00e9gies de Recettes, en tenant compte de la caution\u00a0<\/span><span style=\"color: #000000;\">d\u00e9pos\u00e9e<\/span>.<\/p>\n<p>&nbsp;<\/p>\n<p><span style=\"color: #ff9900;\"><span style=\"font-size: 19px;\"><span style=\"font-size: 19px;\">En cas de d\u00e9c\u00e8s d\u2019un patient hospitalis\u00e9\u00a0:<\/span><\/span><\/span><\/p>\n<p><strong><em>\u00a0<\/em><\/strong><\/p>\n<p><strong>Les formalit\u00e9s accompagnant le d\u00e9c\u00e8s d\u2019un patient hospitalis\u00e9 <\/strong><\/p>\n<p><strong>\u00a0<\/strong><\/p>\n<ul>\n<li>Le d\u00e9c\u00e8s est constat\u00e9 par un m\u00e9decin. Celui-ci \u00e9tablit un certificat de d\u00e9c\u00e8s, un rapport confidentiel et une fiche de d\u00e9claration du d\u00e9c\u00e8s. Ces documents \u00e9tablis au service clinique sont transmis au Bureau des entr\u00e9es, au niveau du Bureau d\u2019Admission et de Facturation (BAF).<\/li>\n<li>Une fois le d\u00e9c\u00e8s est m\u00e9dicalement constat\u00e9, l\u2019infirmier Chef de service veille \u00e0 ce que le corps soit transf\u00e9r\u00e9 \u00e0 la morgue, accompagn\u00e9 d\u2019une mention d\u2019identification.<\/li>\n<li>La d\u00e9claration de d\u00e9c\u00e8s, sur le plan administratif, est faite par le Bureau des entr\u00e9es de chaque \u00e9tablissement du CHUIR.<\/li>\n<li>Les formalit\u00e9s de d\u00e9claration du d\u00e9c\u00e8s \u00e0 l\u2019Etat civil incombent \u00e0 la famille.<\/li>\n<li>Le corps est remis \u00e0 la famille (ayants droits) sur pr\u00e9sentation du permis d\u2019inhumer.<\/li>\n<li>Si le d\u00e9c\u00e8s pose un probl\u00e8me m\u00e9dico-l\u00e9gal, le corps ne peut \u00eatre rendu \u00e0 la famille qu\u2019avec l\u2019accord du Parquet.<\/li>\n<li>Le transport du corps ne peut \u00eatre effectu\u00e9 que dans un fourgon mortuaire.<\/li>\n<li>Pour pr\u00e9server l&#8217;int\u00e9r\u00eat des ayants droit des malades d\u00e9c\u00e9d\u00e9s \u00e0 la suite d&#8217;un accident de travail\u00a0ou d&#8217;une maladie professionnelle, ou lorsque le malade \u00e9tait titulaire d&#8217;une pension, le m\u00e9decin peut d\u00e9livrer le certificat indiquant la cause ou les circonstances du d\u00e9c\u00e8s pour usage administratif.<\/li>\n<\/ul>\n","protected":false},"excerpt":{"rendered":"<p>&nbsp; Bienvenue dans les h\u00f4pitaux du Centre Hospitalier Universitaire Ibn Rochd. Vous trouvez dans cette rubrique les informations relatives \u00e0 votre hospitalisation &nbsp; L\u2019hospitalisation prend deux formes\u00a0: Hospitalisation classique (programm\u00e9e ou urgente) Il s&#8217;agit d&#8217;un s\u00e9jour &#8220;classique&#8221; \u00e0 l&#8217;h\u00f4pital o\u00f9 le patient s\u00e9journe \u00e0\u00a0temps complet\u00a0(nuit et jour, la semaine et le week-end). Il y reste [&hellip;]<\/p>\n","protected":false},"author":1,"featured_media":0,"parent":0,"menu_order":0,"comment_status":"closed","ping_status":"closed","template":"standard-patient-visiteurs.php","meta":{"footnotes":""},"class_list":["post-985","page","type-page","status-publish","hentry"],"new_scheduled_revision":"","save_as_revision":"","_links":{"self":[{"href":"https:\/\/chuibnrochd.ma\/index.php?rest_route=\/wp\/v2\/pages\/985","targetHints":{"allow":["GET"]}}],"collection":[{"href":"https:\/\/chuibnrochd.ma\/index.php?rest_route=\/wp\/v2\/pages"}],"about":[{"href":"https:\/\/chuibnrochd.ma\/index.php?rest_route=\/wp\/v2\/types\/page"}],"author":[{"embeddable":true,"href":"https:\/\/chuibnrochd.ma\/index.php?rest_route=\/wp\/v2\/users\/1"}],"replies":[{"embeddable":true,"href":"https:\/\/chuibnrochd.ma\/index.php?rest_route=%2Fwp%2Fv2%2Fcomments&post=985"}],"version-history":[{"count":67,"href":"https:\/\/chuibnrochd.ma\/index.php?rest_route=\/wp\/v2\/pages\/985\/revisions"}],"predecessor-version":[{"id":3669,"href":"https:\/\/chuibnrochd.ma\/index.php?rest_route=\/wp\/v2\/pages\/985\/revisions\/3669"}],"wp:attachment":[{"href":"https:\/\/chuibnrochd.ma\/index.php?rest_route=%2Fwp%2Fv2%2Fmedia&parent=985"}],"curies":[{"name":"wp","href":"https:\/\/api.w.org\/{rel}","templated":true}]}}