{"id":989,"date":"2020-07-28T11:44:07","date_gmt":"2020-07-28T09:44:07","guid":{"rendered":"http:\/\/server10.servermdz.pro\/chu\/?page_id=989"},"modified":"2025-05-22T12:11:37","modified_gmt":"2025-05-22T10:11:37","slug":"visite-a-un-proche","status":"publish","type":"page","link":"https:\/\/chuibnrochd.ma\/?page_id=989","title":{"rendered":"Visite \u00e0 un proche"},"content":{"rendered":"<p style=\"text-align: center;\"><span style=\"font-size: 24px; color: #333399;\"><strong>\u00a0 Visite aux patients hospitalis\u00e9s<\/strong><\/span><\/p>\n<ul>\n<li>Afin de ne pas g\u00eaner le fonctionnement des services de soins, les visites ne sont autoris\u00e9es que l&#8217;apr\u00e8s-midi de\u00a0: <strong>13h \u00e0 14h<\/strong>.<\/li>\n<\/ul>\n<p>&nbsp;<\/p>\n<ul>\n<li style=\"text-align: left;\">Les horaires et modalit\u00e9s peuvent varier selon les services.<\/li>\n<li style=\"text-align: left;\">Les visites peuvent \u00eatre limit\u00e9es ou interdites pour raisons m\u00e9dicales dans les unit\u00e9s de soins intensifs et de r\u00e9animation.<\/li>\n<li style=\"text-align: left;\">Pour \u00e9viter tout risque li\u00e9 \u00e0 une maladie contagieuse, les enfants \u00e2g\u00e9s de moins de <strong>12 ans<\/strong> ne sont pas admis en visite. Dans certains cas, avec l\u2019accord de l\u2019infirmier chef du service, des d\u00e9rogations peuvent \u00eatre accord\u00e9es pour visiter un parent proche, dans des conditions qui vous seront pr\u00e9cis\u00e9es.<\/li>\n<li style=\"text-align: left;\">Les visites dans les services de r\u00e9animation sont soumises \u00e0 des r\u00e8gles particuli\u00e8res qui vous seront pr\u00e9cis\u00e9es au niveau de chaque unit\u00e9.<\/li>\n<\/ul>\n<h3 style=\"text-indent: 35.4pt; background: white; vertical-align: baseline; margin: 0cm 0cm 15pt 106.2pt; text-align: center;\"><span style=\"font-size: 18px;\"><strong><u><span style=\"font-family: Arial, sans-serif; color: red;\">Consignes applicables<\/span><\/u><\/strong><\/span><\/h3>\n<p>\u00a0\u00a0Pour votre s\u00e9curit\u00e9 et pour la s\u00e9curit\u00e9 des patients et des professionnels de la sant\u00e9, il faut respecter les consignes suivantes\u00a0:<\/p>\n<ul>\n<li>Le temps de visite aux chevets des patients hospitalis\u00e9s ne doit d\u00e9passer pas 15 minutes.<\/li>\n<li>Il n\u2019est autoris\u00e9 qu\u2019un seul visiteur\u00a0par jour et par patient.\u00a0<\/li>\n<li>Il est d\u00e9conseill\u00e9 de se faire accompagner d&#8217;enfants de moins de 12 ans.<\/li>\n<\/ul>\n<p>&nbsp;<\/p>\n<p>L\u2019horaire des visites est fix\u00e9 par l\u2019Administration de l\u2019h\u00f4pital, sauf exceptions\u00a0:<\/p>\n<ul style=\"list-style-type: disc;\">\n<li>\u00a0<strong>L\u00e9gales<\/strong>: Pour les d\u00e9tenus ou patients plac\u00e9s sous surveillance de la police\u00a0;<\/li>\n<li><strong>Cliniques<\/strong>: Pour les patients hospitalis\u00e9s dans des services ou des chambres sp\u00e9cialis\u00e9es ou pour l\u2019int\u00e9r\u00eat du patient, les visites sont interdites ou limit\u00e9es par le chef de service ou le Directeur de l\u2019h\u00f4pital\u00a0;<\/li>\n<li><strong>Autorisation exceptionnelle<\/strong>: En dehors des horaires de visites pr\u00e9vues, le Directeur de l\u2019h\u00f4pital peut accorder, apr\u00e8s accord ou \u00e0 la demande du chef de service, des autorisations nominatives de visite, \u00e0 titre exceptionnel.<\/li>\n<\/ul>\n<p>&nbsp;<\/p>\n<p><span style=\"color: #0000ff;\"><strong><u>Recommandations Aux visiteurs<\/u><\/strong><\/span><\/p>\n<p><strong>\u00a0<\/strong>\u00a0\u00a0\u00a0\u00a0\u00a0\u00a0\u00a0 \u00a0Dans l\u2019int\u00e9r\u00eat du malade, les visiteurs doivent\u00a0:<\/p>\n<ul>\n<li>Ecourter leur temps de visite pour ne pas fatiguer le malade\u00a0;<\/li>\n<li>Eviter de l\u2019assommer de questions sur son \u00e9tat de sant\u00e9\u00a0; le personnel est \u00e0 leur disposition pour leur donner toute information utile \u00e0 ce sujet\u00a0;<\/li>\n<li>Abaisser le ton de leur conversation et \u00e9viter de provoquer tout bruit intempestif\u00a0;<\/li>\n<li>Eviter de lui rapporter les mauvaises nouvelles et les probl\u00e8mes familiaux de nature \u00e0 alt\u00e9rer son \u00e9tat de sant\u00e9\u00a0;<\/li>\n<li>S\u2019interdire de d\u00e9t\u00e9riorer le mat\u00e9riel de l\u2019h\u00f4pital\u00a0;<\/li>\n<li>S\u2019interdire de fumer\u00a0;<\/li>\n<li>S\u2019interdire de s\u2019asseoir sur le lit du malade\u00a0;<\/li>\n<li>S\u2019interdire de manger \u00e0 l\u2019int\u00e9rieur des services et de jeter les ordures en dehors des poubelles\u00a0;<\/li>\n<li>Les visiteurs sont, en outre, tenus de ne pas introduire leurs v\u00e9hicules ou les animaux domestiques \u00e0 l\u2019int\u00e9rieur de l\u2019h\u00f4pital\u00a0;<\/li>\n<li>Il leur est interdit d\u2019introduire aupr\u00e8s du malade des m\u00e9dicaments, sauf ceux prescrits par le m\u00e9decin\u00a0;<\/li>\n<li>Il leur est \u00e9galement recommand\u00e9 de ne pas remettre au malade des aliments ou boissons incompatibles avec le r\u00e9gime prescrit.<\/li>\n<li>Les visiteurs peuvent \u00e0 tout moment \u00eatre invit\u00e9s par le personnel \u00e0 se retirer des chambres des malades ou des salles d\u2019hospitalisation, en vue de permettre l\u2019ex\u00e9cution des soins et examens pr\u00e9vus pour le malade.<\/li>\n<\/ul>\n<p>&nbsp;<\/p>\n","protected":false},"excerpt":{"rendered":"<p>\u00a0 Visite aux patients hospitalis\u00e9s Afin de ne pas g\u00eaner le fonctionnement des services de soins, les visites ne sont autoris\u00e9es que l&#8217;apr\u00e8s-midi de\u00a0: 13h \u00e0 14h. &nbsp; Les horaires et modalit\u00e9s peuvent varier selon les services. Les visites peuvent \u00eatre limit\u00e9es ou interdites pour raisons m\u00e9dicales dans les unit\u00e9s de soins intensifs et de [&hellip;]<\/p>\n","protected":false},"author":1,"featured_media":0,"parent":0,"menu_order":0,"comment_status":"closed","ping_status":"closed","template":"standard-patient-visiteurs.php","meta":{"footnotes":""},"class_list":["post-989","page","type-page","status-publish","hentry"],"new_scheduled_revision":"","save_as_revision":"","_links":{"self":[{"href":"https:\/\/chuibnrochd.ma\/index.php?rest_route=\/wp\/v2\/pages\/989","targetHints":{"allow":["GET"]}}],"collection":[{"href":"https:\/\/chuibnrochd.ma\/index.php?rest_route=\/wp\/v2\/pages"}],"about":[{"href":"https:\/\/chuibnrochd.ma\/index.php?rest_route=\/wp\/v2\/types\/page"}],"author":[{"embeddable":true,"href":"https:\/\/chuibnrochd.ma\/index.php?rest_route=\/wp\/v2\/users\/1"}],"replies":[{"embeddable":true,"href":"https:\/\/chuibnrochd.ma\/index.php?rest_route=%2Fwp%2Fv2%2Fcomments&post=989"}],"version-history":[{"count":15,"href":"https:\/\/chuibnrochd.ma\/index.php?rest_route=\/wp\/v2\/pages\/989\/revisions"}],"predecessor-version":[{"id":3751,"href":"https:\/\/chuibnrochd.ma\/index.php?rest_route=\/wp\/v2\/pages\/989\/revisions\/3751"}],"wp:attachment":[{"href":"https:\/\/chuibnrochd.ma\/index.php?rest_route=%2Fwp%2Fv2%2Fmedia&parent=989"}],"curies":[{"name":"wp","href":"https:\/\/api.w.org\/{rel}","templated":true}]}}