{"id":991,"date":"2020-07-28T11:44:52","date_gmt":"2020-07-28T09:44:52","guid":{"rendered":"http:\/\/server10.servermdz.pro\/chu\/?page_id=991"},"modified":"2020-12-01T11:04:31","modified_gmt":"2020-12-01T10:04:31","slug":"patient-internationaux","status":"publish","type":"page","link":"https:\/\/chuibnrochd.ma\/?page_id=991","title":{"rendered":"Patients internationaux"},"content":{"rendered":"<p style=\"text-align: center;\"><span style=\"font-size: 22px; color: #333399;\"><strong>D\u00e9marche d\u2019admission<\/strong><\/span><\/p>\n<p>&nbsp;<\/p>\n<p>Prodiguant de soins de niveau tertiaire, les professeurs et m\u00e9decins du CHU Ibn Rochd de Casablanca sont \u00e0 votre disposition tout au long de votre hospitalisation aux diff\u00e9rents services. Le CHU Ibn Rochd dispose de ressources humaines reconnues aux niveaux national et international, et des infrastructures lui permettant d\u2019accueillir et de prendre en charge des patients de diff\u00e9rentes nationalit\u00e9s.<\/p>\n<p>&nbsp;<\/p>\n<p>Le Centre Hospitalier Universitaire Ibn Rochd dispose d\u2019un service de coop\u00e9ration charg\u00e9, entre autres, d\u2019\u00e9tablir le lien entre le patient international et les services auxquels est cens\u00e9 \u00eatre hospitalis\u00e9. Ce service est \u00e0 votre disposition en tant que premier contact avec le CHUIR. Son r\u00f4le est de :<\/p>\n<p>&nbsp;<\/p>\n<p>\u00a0 \u00a0 \u00a0 \u00a0 \u00a0 \u00a0 \u00a0 \u00a0&#8211; Faciliter le contact avec les diff\u00e9rents services cliniques, m\u00e9dico-techniques et administratifs ;<br \/>\u00a0 \u00a0 \u00a0 \u00a0 \u00a0 \u00a0 \u00a0 \u00a0&#8211; Transmettre les demandes et les dossiers m\u00e9dicaux aux services concern\u00e9s pour fixer un rendez-vous ou \u00e9ventuellement \u00e9tablir un devis ;<br \/>\u00a0 \u00a0 \u00a0 \u00a0 \u00a0 \u00a0 \u00a0 \u00a0&#8211; Informer le patient de la date de son rendez-vous (consultations, examens radiologiques et\/ou biologique, m\u00e9dicaux\u2026) ;<br \/>\u00a0 \u00a0 \u00a0 \u00a0 \u00a0 \u00a0 \u00a0 \u00a0&#8211; Coordonner et organiser le bon d\u00e9roulement de votre prise en charge.<\/p>\n<p>&nbsp;<\/p>\n<p>En tant que patient international, voici les d\u00e9marches administratives \u00e0 effectuer pour organiser une hospitalisation ou suivre un traitement m\u00e9dical au Centre Hospitalier Universitaire Ibn Rochd de Casablanca.<\/p>\n<p>&nbsp;<\/p>\n<p><span style=\"color: #3366ff; font-size: 20px;\"><strong>D\u00e9roulement pr\u00e9visionnel des d\u00e9marches<\/strong><\/span><\/p>\n<p>&nbsp;<\/p>\n<p><strong><span style=\"color: #333399;\">Etape 1 : Prise de contact<\/span><\/strong><\/p>\n<p>Tout commence par une demande d\u2019hospitalisation de la part du patient, par mail ou par t\u00e9l\u00e9phone. Le service de la coop\u00e9ration du Centre Hospitalier Universitaire Ibn Rochd informe le demandeur des d\u00e9marches juridiques et administratives ainsi que les proc\u00e9dures m\u00e9dicales n\u00e9cessaires pour une prise en charge ad\u00e9quate au CHUIR.<br \/>Pour prendre contact, veuillez envoyer votre demande \u00e0 l\u2019adresse suivante : <span style=\"color: #3366ff;\">direction@chucasa.ma<\/span><\/p>\n<p>&nbsp;<\/p>\n<p><span style=\"color: #333399;\"><strong>Etape 2 : Dossier m\u00e9dical<\/strong><\/span><\/p>\n<p>Le patient est pri\u00e9 de communiquer au CHUIR davantage d\u2019informations sur sa situation m\u00e9dicale en faisant parvenir au service la copie de son dossier m\u00e9dical ou de son compte-rendu m\u00e9dical afin d\u2019\u00e9tablir les modalit\u00e9s de sa prise en charge.<\/p>\n<p>Des examens exhaustifs incluant radiologie, biologie et diagnostic sur place du m\u00e9decin serviront \u00e0 constituer un premier dossier m\u00e9dical.<\/p>\n<p>&nbsp;<\/p>\n<p><span style=\"color: #333399;\"><strong>Etape 3 : Devis<\/strong> <\/span><\/p>\n<p>La situation du patient \u00e9tant d\u00e9sormais connue apr\u00e8s un examen attentif par les m\u00e9decins sp\u00e9cialistes du service concern\u00e9, un devis estimatif est transmis au patient en fonction de ses besoins de soins.<\/p>\n<p>Les d\u00e9lais de traitement des demandes sont relativement courts et des rendez-vous d\u2019hospitalisation sont accord\u00e9s en fonction de l\u2019\u00e9tat de chaque patient. Le CHU renseigne parfois le patient \u00e0 propos d\u2019\u00e9ventuel remboursement par les mutuelles et assurances dans le cadre des conventions sign\u00e9es entre le CHUIR et certains pays africains et des organismes publics ou priv\u00e9s. \u00c0 signaler que le CHU n\u2019assure pas l\u2019organisation du voyage du patient \u00e0 ses h\u00f4pitaux.<\/p>\n<p>&nbsp;<\/p>\n<p><strong><span style=\"color: #333399;\">Etape 4 : Prise en charge<\/span><\/strong><\/p>\n<p>Le jour du rendez-vous, le patient se pr\u00e9sente au Bureau des Admissions et de Facturation (BAF) pour entamer les proc\u00e9dures administratives n\u00e9cessaires d\u2019hospitalisation avant d\u2019\u00eatre pris en charge m\u00e9dicalement au sein du service clinique.<\/p>\n","protected":false},"excerpt":{"rendered":"<p>D\u00e9marche d\u2019admission &nbsp; Prodiguant de soins de niveau tertiaire, les professeurs et m\u00e9decins du CHU Ibn Rochd de Casablanca sont \u00e0 votre disposition tout au long de votre hospitalisation aux diff\u00e9rents services. Le CHU Ibn Rochd dispose de ressources humaines reconnues aux niveaux national et international, et des infrastructures lui permettant d\u2019accueillir et de prendre [&hellip;]<\/p>\n","protected":false},"author":1,"featured_media":0,"parent":0,"menu_order":0,"comment_status":"closed","ping_status":"closed","template":"standard-patient-visiteurs.php","meta":{"footnotes":""},"class_list":["post-991","page","type-page","status-publish","hentry"],"new_scheduled_revision":"","save_as_revision":"","_links":{"self":[{"href":"https:\/\/chuibnrochd.ma\/index.php?rest_route=\/wp\/v2\/pages\/991","targetHints":{"allow":["GET"]}}],"collection":[{"href":"https:\/\/chuibnrochd.ma\/index.php?rest_route=\/wp\/v2\/pages"}],"about":[{"href":"https:\/\/chuibnrochd.ma\/index.php?rest_route=\/wp\/v2\/types\/page"}],"author":[{"embeddable":true,"href":"https:\/\/chuibnrochd.ma\/index.php?rest_route=\/wp\/v2\/users\/1"}],"replies":[{"embeddable":true,"href":"https:\/\/chuibnrochd.ma\/index.php?rest_route=%2Fwp%2Fv2%2Fcomments&post=991"}],"version-history":[{"count":15,"href":"https:\/\/chuibnrochd.ma\/index.php?rest_route=\/wp\/v2\/pages\/991\/revisions"}],"predecessor-version":[{"id":2017,"href":"https:\/\/chuibnrochd.ma\/index.php?rest_route=\/wp\/v2\/pages\/991\/revisions\/2017"}],"wp:attachment":[{"href":"https:\/\/chuibnrochd.ma\/index.php?rest_route=%2Fwp%2Fv2%2Fmedia&parent=991"}],"curies":[{"name":"wp","href":"https:\/\/api.w.org\/{rel}","templated":true}]}}